{"id":496314,"date":"2024-09-21T07:24:48","date_gmt":"2024-09-21T07:24:48","guid":{"rendered":"https:\/\/farmaon4.apptirana.al\/produkt\/pharmasept-mamas-anti-stretch-marks-cream-to-oil-2\/"},"modified":"2026-05-04T05:07:19","modified_gmt":"2026-05-04T04:07:19","slug":"pharmasept-mamas-anti-stretch-marks-cream-to-oil","status":"publish","type":"product","link":"https:\/\/farmaon4.apptirana.al\/en\/produkt\/pharmasept-mamas-anti-stretch-marks-cream-to-oil\/","title":{"rendered":"Pharmasept Mama\u2019s Anti-stretch Marks Cream to Oil"},"content":{"rendered":"<p>Krem-vaj i formuluar posa\u00e7\u00ebrisht p\u00ebr parandalimin dhe trajtimin e strijave q\u00eb shfaqen n\u00eb l\u00ebkur\u00eb gjat\u00eb shtatz\u00ebnis\u00eb.<\/p>\n<p>Ideal p\u00ebr trajtimin e trupit dhe zonave t\u00eb ndjeshme t\u00eb barkut gjat\u00eb dhe pas shtatz\u00ebnis\u00eb.<\/p>\n<p>HIdraton intensivisht l\u00ebkur\u00ebn dhe i ofron asaj but\u00ebsi.<\/p>\n<p>Pa alkool, paraben\u00eb, silikone, alumin, BHA, BHT, vajra mineral\u00eb.<\/p>\n<p>Ka parfum pa alergen\u00eb.<\/p>\n<p>I testuar dermatologjikisht n\u00eb l\u00ebkur\u00eb t\u00eb ndjeshme.<\/p>\n","protected":false},"excerpt":{"rendered":"<p>Krem vajor p\u00ebr parandalimin e strijave gjat\u00eb shtatz\u00ebnis\u00eb<\/p>\n<p>150 ml<\/p>\n","protected":false},"featured_media":474356,"template":"","meta":{"_acf_changed":false},"product_brand":[],"product_cat":[49989,50247,50335,50044,50016,50280],"product_tag":[50849,50559,50490],"giftcard-category":[],"class_list":{"0":"post-496314","1":"product","2":"type-product","3":"status-publish","4":"has-post-thumbnail","6":"product_cat-anti-strija-english","7":"product_cat-produkte-kunder-strijave-english","8":"product_cat-body-mbrojtje-nga-dielli-english","9":"product_cat-dermokozmetike-english","10":"product_cat-bebe-dhe-nena-english","11":"product_cat-shtatzenia-english","12":"product_tag-anti-strija-en","13":"product_tag-shtatzeni-en","14":"product_tag-femra-en","16":"first","17":"instock","18":"sale","19":"taxable","20":"shipping-taxable","21":"purchasable","22":"product-type-simple"},"bundled_by":[],"bundle_stock_status":"instock","bundle_stock_quantity":4,"bundle_virtual":false,"bundle_layout":"","bundle_add_to_cart_form_location":"","bundle_editable_in_cart":false,"bundle_sold_individually_context":"","bundle_item_grouping":"","bundle_min_size":"","bundle_max_size":"","bundle_price":[],"bundled_items":[],"bundle_sell_ids":[],"acf":[],"yoast_head":"<!-- This site is optimized with the Yoast SEO Premium plugin v23.0 (Yoast SEO v26.0) - https:\/\/yoast.com\/wordpress\/plugins\/seo\/ -->\n<title>Pharmasept Mama\u2019s Anti-stretch Marks Cream to Oil - Farmaon<\/title>\n<meta name=\"robots\" content=\"index, follow, max-snippet:-1, max-image-preview:large, max-video-preview:-1\" \/>\n<link rel=\"canonical\" href=\"https:\/\/farmaon4.apptirana.al\/en\/produkt\/pharmasept-mamas-anti-stretch-marks-cream-to-oil\/\" \/>\n<meta property=\"og:locale\" content=\"en_US\" \/>\n<meta property=\"og:type\" content=\"article\" \/>\n<meta property=\"og:title\" content=\"Pharmasept Mama\u2019s Anti-stretch Marks Cream to Oil\" \/>\n<meta property=\"og:description\" content=\"Krem vajor p\u00ebr parandalimin e strijave gjat\u00eb shtatz\u00ebnis\u00eb 150 ml\" \/>\n<meta property=\"og:url\" content=\"https:\/\/farmaon4.apptirana.al\/en\/produkt\/pharmasept-mamas-anti-stretch-marks-cream-to-oil\/\" \/>\n<meta property=\"og:site_name\" content=\"Farmaon\" \/>\n<meta property=\"article:modified_time\" content=\"2026-05-04T04:07:19+00:00\" \/>\n<meta name=\"twitter:card\" content=\"summary_large_image\" \/>\n<meta name=\"twitter:label1\" content=\"Price\" \/>\n\t<meta name=\"twitter:data1\" content=\"2280&nbsp;L\" \/>\n\t<meta name=\"twitter:label2\" content=\"Availability\" \/>\n\t<meta name=\"twitter:data2\" content=\"In stock\" \/>\n<script type=\"application\/ld+json\" class=\"yoast-schema-graph\">{\"@context\":\"https:\/\/schema.org\",\"@graph\":[{\"@type\":\"WebPage\",\"@id\":\"https:\/\/farmaon4.apptirana.al\/en\/produkt\/pharmasept-mamas-anti-stretch-marks-cream-to-oil\/\",\"url\":\"https:\/\/farmaon4.apptirana.al\/en\/produkt\/pharmasept-mamas-anti-stretch-marks-cream-to-oil\/\",\"name\":\"Pharmasept Mama\u2019s Anti-stretch Marks Cream to Oil - Farmaon\",\"isPartOf\":{\"@id\":\"https:\/\/farmaon4.apptirana.al\/#website\"},\"primaryImageOfPage\":{\"@id\":\"https:\/\/farmaon4.apptirana.al\/en\/produkt\/pharmasept-mamas-anti-stretch-marks-cream-to-oil\/#primaryimage\"},\"image\":{\"@id\":\"https:\/\/farmaon4.apptirana.al\/en\/produkt\/pharmasept-mamas-anti-stretch-marks-cream-to-oil\/#primaryimage\"},\"thumbnailUrl\":\"https:\/\/farmaon4.apptirana.al\/wp-content\/uploads\/2024\/09\/PHAR072.jpg\",\"datePublished\":\"2024-09-21T07:24:48+00:00\",\"dateModified\":\"2026-05-04T04:07:19+00:00\",\"breadcrumb\":{\"@id\":\"https:\/\/farmaon4.apptirana.al\/en\/produkt\/pharmasept-mamas-anti-stretch-marks-cream-to-oil\/#breadcrumb\"},\"inLanguage\":\"en-US\",\"potentialAction\":[{\"@type\":\"ReadAction\",\"target\":[\"https:\/\/farmaon4.apptirana.al\/en\/produkt\/pharmasept-mamas-anti-stretch-marks-cream-to-oil\/\"]}]},{\"@type\":\"ImageObject\",\"inLanguage\":\"en-US\",\"@id\":\"https:\/\/farmaon4.apptirana.al\/en\/produkt\/pharmasept-mamas-anti-stretch-marks-cream-to-oil\/#primaryimage\",\"url\":\"https:\/\/farmaon4.apptirana.al\/wp-content\/uploads\/2024\/09\/PHAR072.jpg\",\"contentUrl\":\"https:\/\/farmaon4.apptirana.al\/wp-content\/uploads\/2024\/09\/PHAR072.jpg\",\"width\":1080,\"height\":1080},{\"@type\":\"BreadcrumbList\",\"@id\":\"https:\/\/farmaon4.apptirana.al\/en\/produkt\/pharmasept-mamas-anti-stretch-marks-cream-to-oil\/#breadcrumb\",\"itemListElement\":[{\"@type\":\"ListItem\",\"position\":1,\"name\":\"Home\",\"item\":\"https:\/\/farmaon4.apptirana.al\/en\/\"},{\"@type\":\"ListItem\",\"position\":2,\"name\":\"Shop\",\"item\":\"https:\/\/farmaon4.apptirana.al\/en\/shop-3\/\"},{\"@type\":\"ListItem\",\"position\":3,\"name\":\"Pharmasept Mama\u2019s Anti-stretch Marks Cream to Oil\"}]},{\"@type\":\"WebSite\",\"@id\":\"https:\/\/farmaon4.apptirana.al\/#website\",\"url\":\"https:\/\/farmaon4.apptirana.al\/\",\"name\":\"Farmaon\",\"description\":\"Farmacia Juaj Online!\",\"publisher\":{\"@id\":\"https:\/\/farmaon4.apptirana.al\/#organization\"},\"potentialAction\":[{\"@type\":\"SearchAction\",\"target\":{\"@type\":\"EntryPoint\",\"urlTemplate\":\"https:\/\/farmaon4.apptirana.al\/?s={search_term_string}\"},\"query-input\":{\"@type\":\"PropertyValueSpecification\",\"valueRequired\":true,\"valueName\":\"search_term_string\"}}],\"inLanguage\":\"en-US\"},{\"@type\":\"Organization\",\"@id\":\"https:\/\/farmaon4.apptirana.al\/#organization\",\"name\":\"Farmaon\",\"url\":\"https:\/\/farmaon4.apptirana.al\/\",\"logo\":{\"@type\":\"ImageObject\",\"inLanguage\":\"en-US\",\"@id\":\"https:\/\/farmaon4.apptirana.al\/#\/schema\/logo\/image\/\",\"url\":\"https:\/\/farmaon4.apptirana.al\/wp-content\/uploads\/2024\/08\/7f987514-logo-farmaon.png\",\"contentUrl\":\"https:\/\/farmaon4.apptirana.al\/wp-content\/uploads\/2024\/08\/7f987514-logo-farmaon.png\",\"width\":219,\"height\":53,\"caption\":\"Farmaon\"},\"image\":{\"@id\":\"https:\/\/farmaon4.apptirana.al\/#\/schema\/logo\/image\/\"}}]}<\/script>\n<meta property=\"product:price:amount\" content=\"2280\" \/>\n<meta property=\"product:price:currency\" content=\"ALL\" \/>\n<meta property=\"og:availability\" content=\"instock\" \/>\n<meta property=\"product:availability\" content=\"instock\" \/>\n<meta property=\"product:retailer_item_id\" content=\"PHAR072\" \/>\n<meta property=\"product:condition\" content=\"new\" \/>\n<!-- \/ Yoast SEO Premium plugin. -->","yoast_head_json":{"title":"Pharmasept Mama\u2019s Anti-stretch Marks Cream to Oil - Farmaon","robots":{"index":"index","follow":"follow","max-snippet":"max-snippet:-1","max-image-preview":"max-image-preview:large","max-video-preview":"max-video-preview:-1"},"canonical":"https:\/\/farmaon4.apptirana.al\/en\/produkt\/pharmasept-mamas-anti-stretch-marks-cream-to-oil\/","og_locale":"en_US","og_type":"article","og_title":"Pharmasept Mama\u2019s Anti-stretch Marks Cream to Oil","og_description":"Krem vajor p\u00ebr parandalimin e strijave gjat\u00eb shtatz\u00ebnis\u00eb 150 ml","og_url":"https:\/\/farmaon4.apptirana.al\/en\/produkt\/pharmasept-mamas-anti-stretch-marks-cream-to-oil\/","og_site_name":"Farmaon","article_modified_time":"2026-05-04T04:07:19+00:00","twitter_card":"summary_large_image","twitter_misc":{"Price":"2280&nbsp;L","Availability":"In stock"},"schema":{"@context":"https:\/\/schema.org","@graph":[{"@type":"WebPage","@id":"https:\/\/farmaon4.apptirana.al\/en\/produkt\/pharmasept-mamas-anti-stretch-marks-cream-to-oil\/","url":"https:\/\/farmaon4.apptirana.al\/en\/produkt\/pharmasept-mamas-anti-stretch-marks-cream-to-oil\/","name":"Pharmasept Mama\u2019s Anti-stretch Marks Cream to Oil - Farmaon","isPartOf":{"@id":"https:\/\/farmaon4.apptirana.al\/#website"},"primaryImageOfPage":{"@id":"https:\/\/farmaon4.apptirana.al\/en\/produkt\/pharmasept-mamas-anti-stretch-marks-cream-to-oil\/#primaryimage"},"image":{"@id":"https:\/\/farmaon4.apptirana.al\/en\/produkt\/pharmasept-mamas-anti-stretch-marks-cream-to-oil\/#primaryimage"},"thumbnailUrl":"https:\/\/farmaon4.apptirana.al\/wp-content\/uploads\/2024\/09\/PHAR072.jpg","datePublished":"2024-09-21T07:24:48+00:00","dateModified":"2026-05-04T04:07:19+00:00","breadcrumb":{"@id":"https:\/\/farmaon4.apptirana.al\/en\/produkt\/pharmasept-mamas-anti-stretch-marks-cream-to-oil\/#breadcrumb"},"inLanguage":"en-US","potentialAction":[{"@type":"ReadAction","target":["https:\/\/farmaon4.apptirana.al\/en\/produkt\/pharmasept-mamas-anti-stretch-marks-cream-to-oil\/"]}]},{"@type":"ImageObject","inLanguage":"en-US","@id":"https:\/\/farmaon4.apptirana.al\/en\/produkt\/pharmasept-mamas-anti-stretch-marks-cream-to-oil\/#primaryimage","url":"https:\/\/farmaon4.apptirana.al\/wp-content\/uploads\/2024\/09\/PHAR072.jpg","contentUrl":"https:\/\/farmaon4.apptirana.al\/wp-content\/uploads\/2024\/09\/PHAR072.jpg","width":1080,"height":1080},{"@type":"BreadcrumbList","@id":"https:\/\/farmaon4.apptirana.al\/en\/produkt\/pharmasept-mamas-anti-stretch-marks-cream-to-oil\/#breadcrumb","itemListElement":[{"@type":"ListItem","position":1,"name":"Home","item":"https:\/\/farmaon4.apptirana.al\/en\/"},{"@type":"ListItem","position":2,"name":"Shop","item":"https:\/\/farmaon4.apptirana.al\/en\/shop-3\/"},{"@type":"ListItem","position":3,"name":"Pharmasept Mama\u2019s Anti-stretch Marks Cream to Oil"}]},{"@type":"WebSite","@id":"https:\/\/farmaon4.apptirana.al\/#website","url":"https:\/\/farmaon4.apptirana.al\/","name":"Farmaon","description":"Farmacia Juaj Online!","publisher":{"@id":"https:\/\/farmaon4.apptirana.al\/#organization"},"potentialAction":[{"@type":"SearchAction","target":{"@type":"EntryPoint","urlTemplate":"https:\/\/farmaon4.apptirana.al\/?s={search_term_string}"},"query-input":{"@type":"PropertyValueSpecification","valueRequired":true,"valueName":"search_term_string"}}],"inLanguage":"en-US"},{"@type":"Organization","@id":"https:\/\/farmaon4.apptirana.al\/#organization","name":"Farmaon","url":"https:\/\/farmaon4.apptirana.al\/","logo":{"@type":"ImageObject","inLanguage":"en-US","@id":"https:\/\/farmaon4.apptirana.al\/#\/schema\/logo\/image\/","url":"https:\/\/farmaon4.apptirana.al\/wp-content\/uploads\/2024\/08\/7f987514-logo-farmaon.png","contentUrl":"https:\/\/farmaon4.apptirana.al\/wp-content\/uploads\/2024\/08\/7f987514-logo-farmaon.png","width":219,"height":53,"caption":"Farmaon"},"image":{"@id":"https:\/\/farmaon4.apptirana.al\/#\/schema\/logo\/image\/"}}]},"product_price_amount":"2280","product_price_currency":"ALL","og_availability":"instock","product_availability":"instock","product_retailer_item_id":"PHAR072","product_condition":"new"},"_links":{"self":[{"href":"https:\/\/farmaon4.apptirana.al\/en\/wp-json\/wp\/v2\/product\/496314","targetHints":{"allow":["GET"]}}],"collection":[{"href":"https:\/\/farmaon4.apptirana.al\/en\/wp-json\/wp\/v2\/product"}],"about":[{"href":"https:\/\/farmaon4.apptirana.al\/en\/wp-json\/wp\/v2\/types\/product"}],"version-history":[{"count":0,"href":"https:\/\/farmaon4.apptirana.al\/en\/wp-json\/wp\/v2\/product\/496314\/revisions"}],"wp:featuredmedia":[{"embeddable":true,"href":"https:\/\/farmaon4.apptirana.al\/en\/wp-json\/wp\/v2\/media\/474356"}],"wp:attachment":[{"href":"https:\/\/farmaon4.apptirana.al\/en\/wp-json\/wp\/v2\/media?parent=496314"}],"wp:term":[{"taxonomy":"product_brand","embeddable":true,"href":"https:\/\/farmaon4.apptirana.al\/en\/wp-json\/wp\/v2\/product_brand?post=496314"},{"taxonomy":"product_cat","embeddable":true,"href":"https:\/\/farmaon4.apptirana.al\/en\/wp-json\/wp\/v2\/product_cat?post=496314"},{"taxonomy":"product_tag","embeddable":true,"href":"https:\/\/farmaon4.apptirana.al\/en\/wp-json\/wp\/v2\/product_tag?post=496314"},{"taxonomy":"giftcard-category","embeddable":true,"href":"https:\/\/farmaon4.apptirana.al\/en\/wp-json\/wp\/v2\/giftcard-category?post=496314"}],"curies":[{"name":"wp","href":"https:\/\/api.w.org\/{rel}","templated":true}]}}