{"id":496320,"date":"2024-09-21T00:13:22","date_gmt":"2024-09-21T00:13:22","guid":{"rendered":"https:\/\/farmaon4.apptirana.al\/produkt\/the-ordinary-niacinamide-10-zinc-1-2-2\/"},"modified":"2026-04-27T18:06:54","modified_gmt":"2026-04-27T17:06:54","slug":"the-ordinary-niacinamide-10-zinc-1-2","status":"publish","type":"product","link":"https:\/\/farmaon4.apptirana.al\/en\/produkt\/the-ordinary-niacinamide-10-zinc-1-2\/","title":{"rendered":"The Ordinary Niacinamide 10% + Zinc 1%"},"content":{"rendered":"<p>Niacinamide 1% + Zink 1% \u00ebsht\u00eb nj\u00eb serum me baz\u00eb ujore, q\u00eb rrit shk\u00eblqimin e l\u00ebkur\u00ebs dhe p\u00ebrforcon barrier\u00ebn e l\u00ebkur\u00ebs me kalimin e koh\u00ebs.<\/p>\n<p>Ai p\u00ebrmban nj\u00eb p\u00ebrqendrim t\u00eb lart\u00eb (1% ) t\u00eb niacinameve (vitamin\u00eb b3) dhe zinkut PCA.<\/p>\n<p>Rezultatet klinike:<\/p>\n<ul>\n<li>Serum hidratues i leht\u00eb q\u00eb p\u00ebrmir\u00ebson shk\u00eblqimin e l\u00ebkur\u00ebs.<\/li>\n<li>Hidraton l\u00ebkur\u00ebn duke p\u00ebrforcuar barrier\u00ebn e saj n\u00eb vet\u00ebm 7 dit\u00eb.<\/li>\n<li>N\u00eb vet\u00ebm 8 jav\u00eb do keni l\u00ebkur\u00eb m\u00eb t\u00eb l\u00ebmuar.<\/li>\n<\/ul>\n","protected":false},"excerpt":{"rendered":"<p>Serum riparues p\u00ebr l\u00ebkur\u00ebn me shenja dhe akne<\/p>\n<p>60 ml<\/p>\n","protected":false},"featured_media":474007,"template":"","meta":{"_acf_changed":false},"product_brand":[],"product_cat":[50044,55668,56862,50099,56863],"product_tag":[51532,57885,46269,52106,46176,57882,50557],"giftcard-category":[],"class_list":{"0":"post-496320","1":"product","2":"type-product","3":"status-publish","4":"has-post-thumbnail","6":"product_cat-dermokozmetike-english","7":"product_cat-face-dermokozmetike-english","8":"product_cat-lekura-te-yndyrshme-en","9":"product_cat-hidratimi-dhe-ushqimi-english","10":"product_cat-trajtime-anti-akne-en","11":"product_tag-akne-en","12":"product_tag-face-en","13":"product_tag-face","14":"product_tag-shenja-en","15":"product_tag-niacinamide","16":"product_tag-niacinamide-en","17":"product_tag-zink-en","19":"first","20":"instock","21":"sale","22":"taxable","23":"shipping-taxable","24":"purchasable","25":"product-type-simple"},"bundled_by":[],"bundle_stock_status":"instock","bundle_stock_quantity":13,"bundle_virtual":false,"bundle_layout":"","bundle_add_to_cart_form_location":"","bundle_editable_in_cart":false,"bundle_sold_individually_context":"","bundle_item_grouping":"","bundle_min_size":"","bundle_max_size":"","bundle_price":[],"bundled_items":[],"bundle_sell_ids":[],"acf":[],"yoast_head":"<!-- This site is optimized with the Yoast SEO Premium plugin v23.0 (Yoast SEO v26.0) - https:\/\/yoast.com\/wordpress\/plugins\/seo\/ -->\n<title>The Ordinary Niacinamide 10% + Zinc 1% - Farmaon<\/title>\n<meta name=\"robots\" content=\"index, follow, max-snippet:-1, max-image-preview:large, max-video-preview:-1\" \/>\n<link rel=\"canonical\" href=\"https:\/\/farmaon4.apptirana.al\/en\/produkt\/the-ordinary-niacinamide-10-zinc-1-2\/\" \/>\n<meta property=\"og:locale\" content=\"en_US\" \/>\n<meta property=\"og:type\" content=\"article\" \/>\n<meta property=\"og:title\" content=\"The Ordinary Niacinamide 10% + Zinc 1%\" \/>\n<meta property=\"og:description\" content=\"Serum riparues p\u00ebr l\u00ebkur\u00ebn me shenja dhe akne 60 ml\" \/>\n<meta property=\"og:url\" content=\"https:\/\/farmaon4.apptirana.al\/en\/produkt\/the-ordinary-niacinamide-10-zinc-1-2\/\" \/>\n<meta property=\"og:site_name\" content=\"Farmaon\" \/>\n<meta property=\"article:modified_time\" content=\"2026-04-27T17:06:54+00:00\" \/>\n<meta name=\"twitter:card\" content=\"summary_large_image\" \/>\n<meta name=\"twitter:label1\" content=\"Price\" \/>\n\t<meta name=\"twitter:data1\" content=\"1891&nbsp;L\" \/>\n\t<meta name=\"twitter:label2\" content=\"Availability\" \/>\n\t<meta name=\"twitter:data2\" content=\"In stock\" \/>\n<script type=\"application\/ld+json\" class=\"yoast-schema-graph\">{\"@context\":\"https:\/\/schema.org\",\"@graph\":[{\"@type\":\"WebPage\",\"@id\":\"https:\/\/farmaon4.apptirana.al\/en\/produkt\/the-ordinary-niacinamide-10-zinc-1-2\/\",\"url\":\"https:\/\/farmaon4.apptirana.al\/en\/produkt\/the-ordinary-niacinamide-10-zinc-1-2\/\",\"name\":\"The Ordinary Niacinamide 10% + Zinc 1% - Farmaon\",\"isPartOf\":{\"@id\":\"https:\/\/farmaon4.apptirana.al\/#website\"},\"primaryImageOfPage\":{\"@id\":\"https:\/\/farmaon4.apptirana.al\/en\/produkt\/the-ordinary-niacinamide-10-zinc-1-2\/#primaryimage\"},\"image\":{\"@id\":\"https:\/\/farmaon4.apptirana.al\/en\/produkt\/the-ordinary-niacinamide-10-zinc-1-2\/#primaryimage\"},\"thumbnailUrl\":\"https:\/\/farmaon4.apptirana.al\/wp-content\/uploads\/2024\/09\/TO050.jpg\",\"datePublished\":\"2024-09-21T00:13:22+00:00\",\"dateModified\":\"2026-04-27T17:06:54+00:00\",\"breadcrumb\":{\"@id\":\"https:\/\/farmaon4.apptirana.al\/en\/produkt\/the-ordinary-niacinamide-10-zinc-1-2\/#breadcrumb\"},\"inLanguage\":\"en-US\",\"potentialAction\":[{\"@type\":\"ReadAction\",\"target\":[\"https:\/\/farmaon4.apptirana.al\/en\/produkt\/the-ordinary-niacinamide-10-zinc-1-2\/\"]}]},{\"@type\":\"ImageObject\",\"inLanguage\":\"en-US\",\"@id\":\"https:\/\/farmaon4.apptirana.al\/en\/produkt\/the-ordinary-niacinamide-10-zinc-1-2\/#primaryimage\",\"url\":\"https:\/\/farmaon4.apptirana.al\/wp-content\/uploads\/2024\/09\/TO050.jpg\",\"contentUrl\":\"https:\/\/farmaon4.apptirana.al\/wp-content\/uploads\/2024\/09\/TO050.jpg\",\"width\":1080,\"height\":1080},{\"@type\":\"BreadcrumbList\",\"@id\":\"https:\/\/farmaon4.apptirana.al\/en\/produkt\/the-ordinary-niacinamide-10-zinc-1-2\/#breadcrumb\",\"itemListElement\":[{\"@type\":\"ListItem\",\"position\":1,\"name\":\"Home\",\"item\":\"https:\/\/farmaon4.apptirana.al\/en\/\"},{\"@type\":\"ListItem\",\"position\":2,\"name\":\"Shop\",\"item\":\"https:\/\/farmaon4.apptirana.al\/en\/shop-3\/\"},{\"@type\":\"ListItem\",\"position\":3,\"name\":\"The Ordinary Niacinamide 10% + Zinc 1%\"}]},{\"@type\":\"WebSite\",\"@id\":\"https:\/\/farmaon4.apptirana.al\/#website\",\"url\":\"https:\/\/farmaon4.apptirana.al\/\",\"name\":\"Farmaon\",\"description\":\"Farmacia Juaj Online!\",\"publisher\":{\"@id\":\"https:\/\/farmaon4.apptirana.al\/#organization\"},\"potentialAction\":[{\"@type\":\"SearchAction\",\"target\":{\"@type\":\"EntryPoint\",\"urlTemplate\":\"https:\/\/farmaon4.apptirana.al\/?s={search_term_string}\"},\"query-input\":{\"@type\":\"PropertyValueSpecification\",\"valueRequired\":true,\"valueName\":\"search_term_string\"}}],\"inLanguage\":\"en-US\"},{\"@type\":\"Organization\",\"@id\":\"https:\/\/farmaon4.apptirana.al\/#organization\",\"name\":\"Farmaon\",\"url\":\"https:\/\/farmaon4.apptirana.al\/\",\"logo\":{\"@type\":\"ImageObject\",\"inLanguage\":\"en-US\",\"@id\":\"https:\/\/farmaon4.apptirana.al\/#\/schema\/logo\/image\/\",\"url\":\"https:\/\/farmaon4.apptirana.al\/wp-content\/uploads\/2024\/08\/7f987514-logo-farmaon.png\",\"contentUrl\":\"https:\/\/farmaon4.apptirana.al\/wp-content\/uploads\/2024\/08\/7f987514-logo-farmaon.png\",\"width\":219,\"height\":53,\"caption\":\"Farmaon\"},\"image\":{\"@id\":\"https:\/\/farmaon4.apptirana.al\/#\/schema\/logo\/image\/\"}}]}<\/script>\n<meta property=\"product:price:amount\" content=\"1891\" \/>\n<meta property=\"product:price:currency\" content=\"ALL\" \/>\n<meta property=\"og:availability\" content=\"instock\" \/>\n<meta property=\"product:availability\" content=\"instock\" \/>\n<meta property=\"product:retailer_item_id\" content=\"TO050\" \/>\n<meta property=\"product:condition\" content=\"new\" \/>\n<!-- \/ Yoast SEO Premium plugin. -->","yoast_head_json":{"title":"The Ordinary Niacinamide 10% + Zinc 1% - Farmaon","robots":{"index":"index","follow":"follow","max-snippet":"max-snippet:-1","max-image-preview":"max-image-preview:large","max-video-preview":"max-video-preview:-1"},"canonical":"https:\/\/farmaon4.apptirana.al\/en\/produkt\/the-ordinary-niacinamide-10-zinc-1-2\/","og_locale":"en_US","og_type":"article","og_title":"The Ordinary Niacinamide 10% + Zinc 1%","og_description":"Serum riparues p\u00ebr l\u00ebkur\u00ebn me shenja dhe akne 60 ml","og_url":"https:\/\/farmaon4.apptirana.al\/en\/produkt\/the-ordinary-niacinamide-10-zinc-1-2\/","og_site_name":"Farmaon","article_modified_time":"2026-04-27T17:06:54+00:00","twitter_card":"summary_large_image","twitter_misc":{"Price":"1891&nbsp;L","Availability":"In stock"},"schema":{"@context":"https:\/\/schema.org","@graph":[{"@type":"WebPage","@id":"https:\/\/farmaon4.apptirana.al\/en\/produkt\/the-ordinary-niacinamide-10-zinc-1-2\/","url":"https:\/\/farmaon4.apptirana.al\/en\/produkt\/the-ordinary-niacinamide-10-zinc-1-2\/","name":"The Ordinary Niacinamide 10% + Zinc 1% - Farmaon","isPartOf":{"@id":"https:\/\/farmaon4.apptirana.al\/#website"},"primaryImageOfPage":{"@id":"https:\/\/farmaon4.apptirana.al\/en\/produkt\/the-ordinary-niacinamide-10-zinc-1-2\/#primaryimage"},"image":{"@id":"https:\/\/farmaon4.apptirana.al\/en\/produkt\/the-ordinary-niacinamide-10-zinc-1-2\/#primaryimage"},"thumbnailUrl":"https:\/\/farmaon4.apptirana.al\/wp-content\/uploads\/2024\/09\/TO050.jpg","datePublished":"2024-09-21T00:13:22+00:00","dateModified":"2026-04-27T17:06:54+00:00","breadcrumb":{"@id":"https:\/\/farmaon4.apptirana.al\/en\/produkt\/the-ordinary-niacinamide-10-zinc-1-2\/#breadcrumb"},"inLanguage":"en-US","potentialAction":[{"@type":"ReadAction","target":["https:\/\/farmaon4.apptirana.al\/en\/produkt\/the-ordinary-niacinamide-10-zinc-1-2\/"]}]},{"@type":"ImageObject","inLanguage":"en-US","@id":"https:\/\/farmaon4.apptirana.al\/en\/produkt\/the-ordinary-niacinamide-10-zinc-1-2\/#primaryimage","url":"https:\/\/farmaon4.apptirana.al\/wp-content\/uploads\/2024\/09\/TO050.jpg","contentUrl":"https:\/\/farmaon4.apptirana.al\/wp-content\/uploads\/2024\/09\/TO050.jpg","width":1080,"height":1080},{"@type":"BreadcrumbList","@id":"https:\/\/farmaon4.apptirana.al\/en\/produkt\/the-ordinary-niacinamide-10-zinc-1-2\/#breadcrumb","itemListElement":[{"@type":"ListItem","position":1,"name":"Home","item":"https:\/\/farmaon4.apptirana.al\/en\/"},{"@type":"ListItem","position":2,"name":"Shop","item":"https:\/\/farmaon4.apptirana.al\/en\/shop-3\/"},{"@type":"ListItem","position":3,"name":"The Ordinary Niacinamide 10% + Zinc 1%"}]},{"@type":"WebSite","@id":"https:\/\/farmaon4.apptirana.al\/#website","url":"https:\/\/farmaon4.apptirana.al\/","name":"Farmaon","description":"Farmacia Juaj Online!","publisher":{"@id":"https:\/\/farmaon4.apptirana.al\/#organization"},"potentialAction":[{"@type":"SearchAction","target":{"@type":"EntryPoint","urlTemplate":"https:\/\/farmaon4.apptirana.al\/?s={search_term_string}"},"query-input":{"@type":"PropertyValueSpecification","valueRequired":true,"valueName":"search_term_string"}}],"inLanguage":"en-US"},{"@type":"Organization","@id":"https:\/\/farmaon4.apptirana.al\/#organization","name":"Farmaon","url":"https:\/\/farmaon4.apptirana.al\/","logo":{"@type":"ImageObject","inLanguage":"en-US","@id":"https:\/\/farmaon4.apptirana.al\/#\/schema\/logo\/image\/","url":"https:\/\/farmaon4.apptirana.al\/wp-content\/uploads\/2024\/08\/7f987514-logo-farmaon.png","contentUrl":"https:\/\/farmaon4.apptirana.al\/wp-content\/uploads\/2024\/08\/7f987514-logo-farmaon.png","width":219,"height":53,"caption":"Farmaon"},"image":{"@id":"https:\/\/farmaon4.apptirana.al\/#\/schema\/logo\/image\/"}}]},"product_price_amount":"1891","product_price_currency":"ALL","og_availability":"instock","product_availability":"instock","product_retailer_item_id":"TO050","product_condition":"new"},"_links":{"self":[{"href":"https:\/\/farmaon4.apptirana.al\/en\/wp-json\/wp\/v2\/product\/496320","targetHints":{"allow":["GET"]}}],"collection":[{"href":"https:\/\/farmaon4.apptirana.al\/en\/wp-json\/wp\/v2\/product"}],"about":[{"href":"https:\/\/farmaon4.apptirana.al\/en\/wp-json\/wp\/v2\/types\/product"}],"version-history":[{"count":0,"href":"https:\/\/farmaon4.apptirana.al\/en\/wp-json\/wp\/v2\/product\/496320\/revisions"}],"wp:featuredmedia":[{"embeddable":true,"href":"https:\/\/farmaon4.apptirana.al\/en\/wp-json\/wp\/v2\/media\/474007"}],"wp:attachment":[{"href":"https:\/\/farmaon4.apptirana.al\/en\/wp-json\/wp\/v2\/media?parent=496320"}],"wp:term":[{"taxonomy":"product_brand","embeddable":true,"href":"https:\/\/farmaon4.apptirana.al\/en\/wp-json\/wp\/v2\/product_brand?post=496320"},{"taxonomy":"product_cat","embeddable":true,"href":"https:\/\/farmaon4.apptirana.al\/en\/wp-json\/wp\/v2\/product_cat?post=496320"},{"taxonomy":"product_tag","embeddable":true,"href":"https:\/\/farmaon4.apptirana.al\/en\/wp-json\/wp\/v2\/product_tag?post=496320"},{"taxonomy":"giftcard-category","embeddable":true,"href":"https:\/\/farmaon4.apptirana.al\/en\/wp-json\/wp\/v2\/giftcard-category?post=496320"}],"curies":[{"name":"wp","href":"https:\/\/api.w.org\/{rel}","templated":true}]}}