{"id":496450,"date":"2024-09-21T00:11:30","date_gmt":"2024-09-21T00:11:30","guid":{"rendered":"https:\/\/farmaon4.apptirana.al\/produkt\/montefarmaco-lactoflorene-cist-2\/"},"modified":"2026-05-04T06:01:51","modified_gmt":"2026-05-04T05:01:51","slug":"montefarmaco-lactoflorene-cist","status":"publish","type":"product","link":"https:\/\/farmaon4.apptirana.al\/en\/produkt\/montefarmaco-lactoflorene-cist\/","title":{"rendered":"Montefarmaco Lactoflorene Cist"},"content":{"rendered":"<p>Lactoflorene Cist \u00ebsht\u00eb nj\u00eb suplement ushqimor q\u00eb kombinon fermente laktike me ekstrakte t\u00eb boronic\u00ebs s\u00eb kuqe dhe d-manoz\u00eb.<br \/>\nFermentet laktike kan\u00eb ndikim pozitiv n\u00eb flor\u00ebn bakteriale intestinale.<br \/>\nBoronica, e pasur me nj\u00eb shum\u00ebllojshm\u00ebri t\u00eb ve\u00e7ant\u00eb polifenolesh, proantocianidina t\u00eb tipit A (PACs), kontribuon n\u00eb mir\u00eb-funksionimin e traktit urinar dhe n\u00eb drenimin e l\u00ebngjeve t\u00eb trupit.<\/p>\n<p>D-manoza \u00ebsht\u00eb nj\u00eb sheqer i thjesht\u00eb , me p\u00ebrthithje t\u00eb dob\u00ebt n\u00eb organiz\u00ebm, por q\u00eb ka veti t\u00eb nd\u00ebrveproj\u00eb me bakteret p\u00ebrgjegj\u00ebse p\u00ebr infeksionet, duke penguar ngjitjen e tyre n\u00eb muret e rrug\u00ebve urinare dhe si rrjedhoje ndihmon n\u00eb eliminimin e tyre n\u00ebp\u00ebrmjet urin\u00ebs.<\/p>\n<p>Pa gluten dhe pa laktoz\u00eb.<\/p>\n<p>Suplementet ushqimor\u00eb nuk z\u00ebv\u00ebnd\u00ebsojn\u00eb diet\u00ebn ushqimore.<\/p>\n<p>T\u00eb mbahet larg f\u00ebmij\u00ebve.<\/p>\n<p>Konsumimi n\u00eb doza m\u00eb t\u00eb larta se norma mund t\u00eb \u00e7oj\u00eb n\u00eb laksacion.<\/p>\n","protected":false},"excerpt":{"rendered":"<p>Suplement ushqimor me probiotik\u00eb, ekstrakte boronice dhe d-manoz\u00eb p\u00ebr mir\u00ebq\u00ebnien e rrug\u00ebve urinare<\/p>\n<p>20 bustina<\/p>\n","protected":false},"featured_media":473918,"template":"","meta":{"_acf_changed":false},"product_brand":[],"product_cat":[50286,50299,50270],"product_tag":[52153,51737,54918],"giftcard-category":[],"class_list":{"0":"post-496450","1":"product","2":"type-product","3":"status-publish","4":"has-post-thumbnail","6":"product_cat-sipas-veprimit-english","7":"product_cat-suplemente-english","8":"product_cat-rruget-urinare-dhe-prostata-english","9":"product_tag-boronice-e-kuqe-en","10":"product_tag-d-manoze-en","11":"product_tag-probiotic","13":"first","14":"instock","15":"taxable","16":"shipping-taxable","17":"purchasable","18":"product-type-simple"},"bundled_by":[],"bundle_stock_status":"instock","bundle_stock_quantity":6,"bundle_virtual":false,"bundle_layout":"","bundle_add_to_cart_form_location":"","bundle_editable_in_cart":false,"bundle_sold_individually_context":"","bundle_item_grouping":"","bundle_min_size":"","bundle_max_size":"","bundle_price":[],"bundled_items":[],"bundle_sell_ids":[],"acf":[],"yoast_head":"<!-- This site is optimized with the Yoast SEO Premium plugin v23.0 (Yoast SEO v26.0) - https:\/\/yoast.com\/wordpress\/plugins\/seo\/ -->\n<title>Montefarmaco Lactoflorene Cist - Farmaon<\/title>\n<meta name=\"robots\" content=\"index, follow, max-snippet:-1, max-image-preview:large, max-video-preview:-1\" \/>\n<link rel=\"canonical\" href=\"https:\/\/farmaon4.apptirana.al\/en\/produkt\/montefarmaco-lactoflorene-cist\/\" \/>\n<meta property=\"og:locale\" content=\"en_US\" \/>\n<meta property=\"og:type\" content=\"article\" \/>\n<meta property=\"og:title\" content=\"Montefarmaco Lactoflorene Cist\" \/>\n<meta property=\"og:description\" content=\"Suplement ushqimor me probiotik\u00eb, ekstrakte boronice dhe d-manoz\u00eb p\u00ebr mir\u00ebq\u00ebnien e rrug\u00ebve urinare 20 bustina\" \/>\n<meta property=\"og:url\" content=\"https:\/\/farmaon4.apptirana.al\/en\/produkt\/montefarmaco-lactoflorene-cist\/\" \/>\n<meta property=\"og:site_name\" content=\"Farmaon\" \/>\n<meta property=\"article:modified_time\" content=\"2026-05-04T05:01:51+00:00\" \/>\n<meta name=\"twitter:card\" content=\"summary_large_image\" \/>\n<meta name=\"twitter:label1\" content=\"Price\" \/>\n\t<meta name=\"twitter:data1\" content=\"2720&nbsp;L\" \/>\n\t<meta name=\"twitter:label2\" content=\"Availability\" \/>\n\t<meta name=\"twitter:data2\" content=\"In stock\" \/>\n<script type=\"application\/ld+json\" class=\"yoast-schema-graph\">{\"@context\":\"https:\/\/schema.org\",\"@graph\":[{\"@type\":\"WebPage\",\"@id\":\"https:\/\/farmaon4.apptirana.al\/en\/produkt\/montefarmaco-lactoflorene-cist\/\",\"url\":\"https:\/\/farmaon4.apptirana.al\/en\/produkt\/montefarmaco-lactoflorene-cist\/\",\"name\":\"Montefarmaco Lactoflorene Cist - Farmaon\",\"isPartOf\":{\"@id\":\"https:\/\/farmaon4.apptirana.al\/#website\"},\"primaryImageOfPage\":{\"@id\":\"https:\/\/farmaon4.apptirana.al\/en\/produkt\/montefarmaco-lactoflorene-cist\/#primaryimage\"},\"image\":{\"@id\":\"https:\/\/farmaon4.apptirana.al\/en\/produkt\/montefarmaco-lactoflorene-cist\/#primaryimage\"},\"thumbnailUrl\":\"https:\/\/farmaon4.apptirana.al\/wp-content\/uploads\/2024\/09\/Untitled-design588.jpg\",\"datePublished\":\"2024-09-21T00:11:30+00:00\",\"dateModified\":\"2026-05-04T05:01:51+00:00\",\"breadcrumb\":{\"@id\":\"https:\/\/farmaon4.apptirana.al\/en\/produkt\/montefarmaco-lactoflorene-cist\/#breadcrumb\"},\"inLanguage\":\"en-US\",\"potentialAction\":[{\"@type\":\"ReadAction\",\"target\":[\"https:\/\/farmaon4.apptirana.al\/en\/produkt\/montefarmaco-lactoflorene-cist\/\"]}]},{\"@type\":\"ImageObject\",\"inLanguage\":\"en-US\",\"@id\":\"https:\/\/farmaon4.apptirana.al\/en\/produkt\/montefarmaco-lactoflorene-cist\/#primaryimage\",\"url\":\"https:\/\/farmaon4.apptirana.al\/wp-content\/uploads\/2024\/09\/Untitled-design588.jpg\",\"contentUrl\":\"https:\/\/farmaon4.apptirana.al\/wp-content\/uploads\/2024\/09\/Untitled-design588.jpg\",\"width\":1080,\"height\":1080},{\"@type\":\"BreadcrumbList\",\"@id\":\"https:\/\/farmaon4.apptirana.al\/en\/produkt\/montefarmaco-lactoflorene-cist\/#breadcrumb\",\"itemListElement\":[{\"@type\":\"ListItem\",\"position\":1,\"name\":\"Home\",\"item\":\"https:\/\/farmaon4.apptirana.al\/en\/\"},{\"@type\":\"ListItem\",\"position\":2,\"name\":\"Shop\",\"item\":\"https:\/\/farmaon4.apptirana.al\/en\/shop-3\/\"},{\"@type\":\"ListItem\",\"position\":3,\"name\":\"Montefarmaco Lactoflorene Cist\"}]},{\"@type\":\"WebSite\",\"@id\":\"https:\/\/farmaon4.apptirana.al\/#website\",\"url\":\"https:\/\/farmaon4.apptirana.al\/\",\"name\":\"Farmaon\",\"description\":\"Farmacia Juaj Online!\",\"publisher\":{\"@id\":\"https:\/\/farmaon4.apptirana.al\/#organization\"},\"potentialAction\":[{\"@type\":\"SearchAction\",\"target\":{\"@type\":\"EntryPoint\",\"urlTemplate\":\"https:\/\/farmaon4.apptirana.al\/?s={search_term_string}\"},\"query-input\":{\"@type\":\"PropertyValueSpecification\",\"valueRequired\":true,\"valueName\":\"search_term_string\"}}],\"inLanguage\":\"en-US\"},{\"@type\":\"Organization\",\"@id\":\"https:\/\/farmaon4.apptirana.al\/#organization\",\"name\":\"Farmaon\",\"url\":\"https:\/\/farmaon4.apptirana.al\/\",\"logo\":{\"@type\":\"ImageObject\",\"inLanguage\":\"en-US\",\"@id\":\"https:\/\/farmaon4.apptirana.al\/#\/schema\/logo\/image\/\",\"url\":\"https:\/\/farmaon4.apptirana.al\/wp-content\/uploads\/2024\/08\/7f987514-logo-farmaon.png\",\"contentUrl\":\"https:\/\/farmaon4.apptirana.al\/wp-content\/uploads\/2024\/08\/7f987514-logo-farmaon.png\",\"width\":219,\"height\":53,\"caption\":\"Farmaon\"},\"image\":{\"@id\":\"https:\/\/farmaon4.apptirana.al\/#\/schema\/logo\/image\/\"}}]}<\/script>\n<meta property=\"product:price:amount\" content=\"2720\" \/>\n<meta property=\"product:price:currency\" content=\"ALL\" \/>\n<meta property=\"og:availability\" content=\"instock\" \/>\n<meta property=\"product:availability\" content=\"instock\" \/>\n<meta property=\"product:retailer_item_id\" content=\"MF01\" \/>\n<meta property=\"product:condition\" content=\"new\" \/>\n<!-- \/ Yoast SEO Premium plugin. -->","yoast_head_json":{"title":"Montefarmaco Lactoflorene Cist - Farmaon","robots":{"index":"index","follow":"follow","max-snippet":"max-snippet:-1","max-image-preview":"max-image-preview:large","max-video-preview":"max-video-preview:-1"},"canonical":"https:\/\/farmaon4.apptirana.al\/en\/produkt\/montefarmaco-lactoflorene-cist\/","og_locale":"en_US","og_type":"article","og_title":"Montefarmaco Lactoflorene Cist","og_description":"Suplement ushqimor me probiotik\u00eb, ekstrakte boronice dhe d-manoz\u00eb p\u00ebr mir\u00ebq\u00ebnien e rrug\u00ebve urinare 20 bustina","og_url":"https:\/\/farmaon4.apptirana.al\/en\/produkt\/montefarmaco-lactoflorene-cist\/","og_site_name":"Farmaon","article_modified_time":"2026-05-04T05:01:51+00:00","twitter_card":"summary_large_image","twitter_misc":{"Price":"2720&nbsp;L","Availability":"In stock"},"schema":{"@context":"https:\/\/schema.org","@graph":[{"@type":"WebPage","@id":"https:\/\/farmaon4.apptirana.al\/en\/produkt\/montefarmaco-lactoflorene-cist\/","url":"https:\/\/farmaon4.apptirana.al\/en\/produkt\/montefarmaco-lactoflorene-cist\/","name":"Montefarmaco Lactoflorene Cist - Farmaon","isPartOf":{"@id":"https:\/\/farmaon4.apptirana.al\/#website"},"primaryImageOfPage":{"@id":"https:\/\/farmaon4.apptirana.al\/en\/produkt\/montefarmaco-lactoflorene-cist\/#primaryimage"},"image":{"@id":"https:\/\/farmaon4.apptirana.al\/en\/produkt\/montefarmaco-lactoflorene-cist\/#primaryimage"},"thumbnailUrl":"https:\/\/farmaon4.apptirana.al\/wp-content\/uploads\/2024\/09\/Untitled-design588.jpg","datePublished":"2024-09-21T00:11:30+00:00","dateModified":"2026-05-04T05:01:51+00:00","breadcrumb":{"@id":"https:\/\/farmaon4.apptirana.al\/en\/produkt\/montefarmaco-lactoflorene-cist\/#breadcrumb"},"inLanguage":"en-US","potentialAction":[{"@type":"ReadAction","target":["https:\/\/farmaon4.apptirana.al\/en\/produkt\/montefarmaco-lactoflorene-cist\/"]}]},{"@type":"ImageObject","inLanguage":"en-US","@id":"https:\/\/farmaon4.apptirana.al\/en\/produkt\/montefarmaco-lactoflorene-cist\/#primaryimage","url":"https:\/\/farmaon4.apptirana.al\/wp-content\/uploads\/2024\/09\/Untitled-design588.jpg","contentUrl":"https:\/\/farmaon4.apptirana.al\/wp-content\/uploads\/2024\/09\/Untitled-design588.jpg","width":1080,"height":1080},{"@type":"BreadcrumbList","@id":"https:\/\/farmaon4.apptirana.al\/en\/produkt\/montefarmaco-lactoflorene-cist\/#breadcrumb","itemListElement":[{"@type":"ListItem","position":1,"name":"Home","item":"https:\/\/farmaon4.apptirana.al\/en\/"},{"@type":"ListItem","position":2,"name":"Shop","item":"https:\/\/farmaon4.apptirana.al\/en\/shop-3\/"},{"@type":"ListItem","position":3,"name":"Montefarmaco Lactoflorene Cist"}]},{"@type":"WebSite","@id":"https:\/\/farmaon4.apptirana.al\/#website","url":"https:\/\/farmaon4.apptirana.al\/","name":"Farmaon","description":"Farmacia Juaj Online!","publisher":{"@id":"https:\/\/farmaon4.apptirana.al\/#organization"},"potentialAction":[{"@type":"SearchAction","target":{"@type":"EntryPoint","urlTemplate":"https:\/\/farmaon4.apptirana.al\/?s={search_term_string}"},"query-input":{"@type":"PropertyValueSpecification","valueRequired":true,"valueName":"search_term_string"}}],"inLanguage":"en-US"},{"@type":"Organization","@id":"https:\/\/farmaon4.apptirana.al\/#organization","name":"Farmaon","url":"https:\/\/farmaon4.apptirana.al\/","logo":{"@type":"ImageObject","inLanguage":"en-US","@id":"https:\/\/farmaon4.apptirana.al\/#\/schema\/logo\/image\/","url":"https:\/\/farmaon4.apptirana.al\/wp-content\/uploads\/2024\/08\/7f987514-logo-farmaon.png","contentUrl":"https:\/\/farmaon4.apptirana.al\/wp-content\/uploads\/2024\/08\/7f987514-logo-farmaon.png","width":219,"height":53,"caption":"Farmaon"},"image":{"@id":"https:\/\/farmaon4.apptirana.al\/#\/schema\/logo\/image\/"}}]},"product_price_amount":"2720","product_price_currency":"ALL","og_availability":"instock","product_availability":"instock","product_retailer_item_id":"MF01","product_condition":"new"},"_links":{"self":[{"href":"https:\/\/farmaon4.apptirana.al\/en\/wp-json\/wp\/v2\/product\/496450","targetHints":{"allow":["GET"]}}],"collection":[{"href":"https:\/\/farmaon4.apptirana.al\/en\/wp-json\/wp\/v2\/product"}],"about":[{"href":"https:\/\/farmaon4.apptirana.al\/en\/wp-json\/wp\/v2\/types\/product"}],"version-history":[{"count":0,"href":"https:\/\/farmaon4.apptirana.al\/en\/wp-json\/wp\/v2\/product\/496450\/revisions"}],"wp:featuredmedia":[{"embeddable":true,"href":"https:\/\/farmaon4.apptirana.al\/en\/wp-json\/wp\/v2\/media\/473918"}],"wp:attachment":[{"href":"https:\/\/farmaon4.apptirana.al\/en\/wp-json\/wp\/v2\/media?parent=496450"}],"wp:term":[{"taxonomy":"product_brand","embeddable":true,"href":"https:\/\/farmaon4.apptirana.al\/en\/wp-json\/wp\/v2\/product_brand?post=496450"},{"taxonomy":"product_cat","embeddable":true,"href":"https:\/\/farmaon4.apptirana.al\/en\/wp-json\/wp\/v2\/product_cat?post=496450"},{"taxonomy":"product_tag","embeddable":true,"href":"https:\/\/farmaon4.apptirana.al\/en\/wp-json\/wp\/v2\/product_tag?post=496450"},{"taxonomy":"giftcard-category","embeddable":true,"href":"https:\/\/farmaon4.apptirana.al\/en\/wp-json\/wp\/v2\/giftcard-category?post=496450"}],"curies":[{"name":"wp","href":"https:\/\/api.w.org\/{rel}","templated":true}]}}