{"id":496452,"date":"2024-09-21T00:11:52","date_gmt":"2024-09-21T00:11:52","guid":{"rendered":"https:\/\/farmaon4.apptirana.al\/produkt\/true-collagen-collagen-marine-2\/"},"modified":"2026-04-30T07:57:18","modified_gmt":"2026-04-30T06:57:18","slug":"true-collagen-collagen-marine","status":"publish","type":"product","link":"https:\/\/farmaon4.apptirana.al\/en\/produkt\/true-collagen-collagen-marine\/","title":{"rendered":"True Collagen Collagen Marine"},"content":{"rendered":"<p>Suplement ushqimor me kolagjen detar t\u00eb hidrolizuar p\u00ebr flok\u00eb, l\u00ebkur\u00eb dhe thonj t\u00eb sh\u00ebndetsh\u00ebm.<\/p>\n<p>True Collagen Marine p\u00ebrmban nj\u00eb sasi t\u00eb lart\u00eb t\u00eb acidit hialuronik, biotin\u00ebs, silicit, vitamin\u00ebs D3 dhe vitamin\u00ebs C p\u00ebr t\u00eb mb\u00ebshtetur m\u00eb tej prodhimin e kolagjenit dhe p\u00ebr t\u00eb promovuar flok\u00eb, l\u00ebkur\u00eb dhe thonj t\u00eb sh\u00ebndetsh\u00ebm.<\/p>\n<p>Elasticiteti i l\u00ebkur\u00ebs p\u00ebrmir\u00ebsohet duksh\u00ebm.<\/p>\n<p>Nuk p\u00ebrmban OMGJ, grur\u00eb, gluten, soj\u00eb, vez\u00eb, arra, qum\u00ebsht dhe sheqer.<\/p>\n<p>Suplementet ushqimor\u00eb nuk z\u00ebv\u00ebnd\u00ebsojn\u00eb diet\u00ebn ushqimore.<\/p>\n<p>T\u00eb mbahet larg f\u00ebmij\u00ebve.<\/p>\n<p>N\u00ebse jeni shtatz\u00ebn\u00eb, ushqeni me gji ose keni nj\u00eb s\u00ebmundje specifike k\u00ebshillohuni me mjekun tuaj p\u00ebrpara p\u00ebrdorimit.<\/p>\n","protected":false},"excerpt":{"rendered":"<p>Suplement me kolagjen detar p\u00ebr nj\u00eb l\u00ebkur\u00eb plot shk\u00eblqim<\/p>\n<p>500 ml<\/p>\n","protected":false},"featured_media":473936,"template":"","meta":{"_acf_changed":false},"product_brand":[],"product_cat":[50126,56834,56835,50286,50285,50299],"product_tag":[50627,50635,51696],"giftcard-category":[],"class_list":{"0":"post-496452","1":"product","2":"type-product","3":"status-publish","4":"has-post-thumbnail","6":"product_cat-kolagjen-acid-hialuronik-english","7":"product_cat-floket-dhe-thonjte-en","8":"product_cat-lekura-en","9":"product_cat-sipas-veprimit-english","10":"product_cat-sipas-permbajtjes-english","11":"product_cat-suplemente-english","12":"product_tag-anti-rrudhe-en","13":"product_tag-kolagjen-en","14":"product_tag-lekure-en","16":"first","17":"instock","18":"sale","19":"taxable","20":"shipping-taxable","21":"purchasable","22":"product-type-simple"},"bundled_by":[],"bundle_stock_status":"instock","bundle_stock_quantity":1,"bundle_virtual":false,"bundle_layout":"","bundle_add_to_cart_form_location":"","bundle_editable_in_cart":false,"bundle_sold_individually_context":"","bundle_item_grouping":"","bundle_min_size":"","bundle_max_size":"","bundle_price":[],"bundled_items":[],"bundle_sell_ids":[],"acf":[],"yoast_head":"<!-- This site is optimized with the Yoast SEO Premium plugin v23.0 (Yoast SEO v26.0) - https:\/\/yoast.com\/wordpress\/plugins\/seo\/ -->\n<title>True Collagen Collagen Marine - Farmaon<\/title>\n<meta name=\"robots\" content=\"index, follow, max-snippet:-1, max-image-preview:large, max-video-preview:-1\" \/>\n<link rel=\"canonical\" href=\"https:\/\/farmaon4.apptirana.al\/en\/produkt\/true-collagen-collagen-marine\/\" \/>\n<meta property=\"og:locale\" content=\"en_US\" \/>\n<meta property=\"og:type\" content=\"article\" \/>\n<meta property=\"og:title\" content=\"True Collagen Collagen Marine\" \/>\n<meta property=\"og:description\" content=\"Suplement me kolagjen detar p\u00ebr nj\u00eb l\u00ebkur\u00eb plot shk\u00eblqim 500 ml\" \/>\n<meta property=\"og:url\" content=\"https:\/\/farmaon4.apptirana.al\/en\/produkt\/true-collagen-collagen-marine\/\" \/>\n<meta property=\"og:site_name\" content=\"Farmaon\" \/>\n<meta property=\"article:modified_time\" content=\"2026-04-30T06:57:18+00:00\" \/>\n<meta name=\"twitter:card\" content=\"summary_large_image\" \/>\n<meta name=\"twitter:label1\" content=\"Price\" \/>\n\t<meta name=\"twitter:data1\" content=\"3200&nbsp;L\" \/>\n\t<meta name=\"twitter:label2\" content=\"Availability\" \/>\n\t<meta name=\"twitter:data2\" content=\"In stock\" \/>\n<script type=\"application\/ld+json\" class=\"yoast-schema-graph\">{\"@context\":\"https:\/\/schema.org\",\"@graph\":[{\"@type\":\"WebPage\",\"@id\":\"https:\/\/farmaon4.apptirana.al\/en\/produkt\/true-collagen-collagen-marine\/\",\"url\":\"https:\/\/farmaon4.apptirana.al\/en\/produkt\/true-collagen-collagen-marine\/\",\"name\":\"True Collagen Collagen Marine - Farmaon\",\"isPartOf\":{\"@id\":\"https:\/\/farmaon4.apptirana.al\/#website\"},\"primaryImageOfPage\":{\"@id\":\"https:\/\/farmaon4.apptirana.al\/en\/produkt\/true-collagen-collagen-marine\/#primaryimage\"},\"image\":{\"@id\":\"https:\/\/farmaon4.apptirana.al\/en\/produkt\/true-collagen-collagen-marine\/#primaryimage\"},\"thumbnailUrl\":\"https:\/\/farmaon4.apptirana.al\/wp-content\/uploads\/2024\/09\/4499254.jpg\",\"datePublished\":\"2024-09-21T00:11:52+00:00\",\"dateModified\":\"2026-04-30T06:57:18+00:00\",\"breadcrumb\":{\"@id\":\"https:\/\/farmaon4.apptirana.al\/en\/produkt\/true-collagen-collagen-marine\/#breadcrumb\"},\"inLanguage\":\"en-US\",\"potentialAction\":[{\"@type\":\"ReadAction\",\"target\":[\"https:\/\/farmaon4.apptirana.al\/en\/produkt\/true-collagen-collagen-marine\/\"]}]},{\"@type\":\"ImageObject\",\"inLanguage\":\"en-US\",\"@id\":\"https:\/\/farmaon4.apptirana.al\/en\/produkt\/true-collagen-collagen-marine\/#primaryimage\",\"url\":\"https:\/\/farmaon4.apptirana.al\/wp-content\/uploads\/2024\/09\/4499254.jpg\",\"contentUrl\":\"https:\/\/farmaon4.apptirana.al\/wp-content\/uploads\/2024\/09\/4499254.jpg\",\"width\":1080,\"height\":1080},{\"@type\":\"BreadcrumbList\",\"@id\":\"https:\/\/farmaon4.apptirana.al\/en\/produkt\/true-collagen-collagen-marine\/#breadcrumb\",\"itemListElement\":[{\"@type\":\"ListItem\",\"position\":1,\"name\":\"Home\",\"item\":\"https:\/\/farmaon4.apptirana.al\/en\/\"},{\"@type\":\"ListItem\",\"position\":2,\"name\":\"Shop\",\"item\":\"https:\/\/farmaon4.apptirana.al\/en\/shop-3\/\"},{\"@type\":\"ListItem\",\"position\":3,\"name\":\"True Collagen Collagen Marine\"}]},{\"@type\":\"WebSite\",\"@id\":\"https:\/\/farmaon4.apptirana.al\/#website\",\"url\":\"https:\/\/farmaon4.apptirana.al\/\",\"name\":\"Farmaon\",\"description\":\"Farmacia Juaj Online!\",\"publisher\":{\"@id\":\"https:\/\/farmaon4.apptirana.al\/#organization\"},\"potentialAction\":[{\"@type\":\"SearchAction\",\"target\":{\"@type\":\"EntryPoint\",\"urlTemplate\":\"https:\/\/farmaon4.apptirana.al\/?s={search_term_string}\"},\"query-input\":{\"@type\":\"PropertyValueSpecification\",\"valueRequired\":true,\"valueName\":\"search_term_string\"}}],\"inLanguage\":\"en-US\"},{\"@type\":\"Organization\",\"@id\":\"https:\/\/farmaon4.apptirana.al\/#organization\",\"name\":\"Farmaon\",\"url\":\"https:\/\/farmaon4.apptirana.al\/\",\"logo\":{\"@type\":\"ImageObject\",\"inLanguage\":\"en-US\",\"@id\":\"https:\/\/farmaon4.apptirana.al\/#\/schema\/logo\/image\/\",\"url\":\"https:\/\/farmaon4.apptirana.al\/wp-content\/uploads\/2024\/08\/7f987514-logo-farmaon.png\",\"contentUrl\":\"https:\/\/farmaon4.apptirana.al\/wp-content\/uploads\/2024\/08\/7f987514-logo-farmaon.png\",\"width\":219,\"height\":53,\"caption\":\"Farmaon\"},\"image\":{\"@id\":\"https:\/\/farmaon4.apptirana.al\/#\/schema\/logo\/image\/\"}}]}<\/script>\n<meta property=\"product:price:amount\" content=\"3200\" \/>\n<meta property=\"product:price:currency\" content=\"ALL\" \/>\n<meta property=\"og:availability\" content=\"instock\" \/>\n<meta property=\"product:availability\" content=\"instock\" \/>\n<meta property=\"product:retailer_item_id\" content=\"4499254\" \/>\n<meta property=\"product:condition\" content=\"new\" \/>\n<!-- \/ Yoast SEO Premium plugin. -->","yoast_head_json":{"title":"True Collagen Collagen Marine - Farmaon","robots":{"index":"index","follow":"follow","max-snippet":"max-snippet:-1","max-image-preview":"max-image-preview:large","max-video-preview":"max-video-preview:-1"},"canonical":"https:\/\/farmaon4.apptirana.al\/en\/produkt\/true-collagen-collagen-marine\/","og_locale":"en_US","og_type":"article","og_title":"True Collagen Collagen Marine","og_description":"Suplement me kolagjen detar p\u00ebr nj\u00eb l\u00ebkur\u00eb plot shk\u00eblqim 500 ml","og_url":"https:\/\/farmaon4.apptirana.al\/en\/produkt\/true-collagen-collagen-marine\/","og_site_name":"Farmaon","article_modified_time":"2026-04-30T06:57:18+00:00","twitter_card":"summary_large_image","twitter_misc":{"Price":"3200&nbsp;L","Availability":"In stock"},"schema":{"@context":"https:\/\/schema.org","@graph":[{"@type":"WebPage","@id":"https:\/\/farmaon4.apptirana.al\/en\/produkt\/true-collagen-collagen-marine\/","url":"https:\/\/farmaon4.apptirana.al\/en\/produkt\/true-collagen-collagen-marine\/","name":"True Collagen Collagen Marine - Farmaon","isPartOf":{"@id":"https:\/\/farmaon4.apptirana.al\/#website"},"primaryImageOfPage":{"@id":"https:\/\/farmaon4.apptirana.al\/en\/produkt\/true-collagen-collagen-marine\/#primaryimage"},"image":{"@id":"https:\/\/farmaon4.apptirana.al\/en\/produkt\/true-collagen-collagen-marine\/#primaryimage"},"thumbnailUrl":"https:\/\/farmaon4.apptirana.al\/wp-content\/uploads\/2024\/09\/4499254.jpg","datePublished":"2024-09-21T00:11:52+00:00","dateModified":"2026-04-30T06:57:18+00:00","breadcrumb":{"@id":"https:\/\/farmaon4.apptirana.al\/en\/produkt\/true-collagen-collagen-marine\/#breadcrumb"},"inLanguage":"en-US","potentialAction":[{"@type":"ReadAction","target":["https:\/\/farmaon4.apptirana.al\/en\/produkt\/true-collagen-collagen-marine\/"]}]},{"@type":"ImageObject","inLanguage":"en-US","@id":"https:\/\/farmaon4.apptirana.al\/en\/produkt\/true-collagen-collagen-marine\/#primaryimage","url":"https:\/\/farmaon4.apptirana.al\/wp-content\/uploads\/2024\/09\/4499254.jpg","contentUrl":"https:\/\/farmaon4.apptirana.al\/wp-content\/uploads\/2024\/09\/4499254.jpg","width":1080,"height":1080},{"@type":"BreadcrumbList","@id":"https:\/\/farmaon4.apptirana.al\/en\/produkt\/true-collagen-collagen-marine\/#breadcrumb","itemListElement":[{"@type":"ListItem","position":1,"name":"Home","item":"https:\/\/farmaon4.apptirana.al\/en\/"},{"@type":"ListItem","position":2,"name":"Shop","item":"https:\/\/farmaon4.apptirana.al\/en\/shop-3\/"},{"@type":"ListItem","position":3,"name":"True Collagen Collagen Marine"}]},{"@type":"WebSite","@id":"https:\/\/farmaon4.apptirana.al\/#website","url":"https:\/\/farmaon4.apptirana.al\/","name":"Farmaon","description":"Farmacia Juaj Online!","publisher":{"@id":"https:\/\/farmaon4.apptirana.al\/#organization"},"potentialAction":[{"@type":"SearchAction","target":{"@type":"EntryPoint","urlTemplate":"https:\/\/farmaon4.apptirana.al\/?s={search_term_string}"},"query-input":{"@type":"PropertyValueSpecification","valueRequired":true,"valueName":"search_term_string"}}],"inLanguage":"en-US"},{"@type":"Organization","@id":"https:\/\/farmaon4.apptirana.al\/#organization","name":"Farmaon","url":"https:\/\/farmaon4.apptirana.al\/","logo":{"@type":"ImageObject","inLanguage":"en-US","@id":"https:\/\/farmaon4.apptirana.al\/#\/schema\/logo\/image\/","url":"https:\/\/farmaon4.apptirana.al\/wp-content\/uploads\/2024\/08\/7f987514-logo-farmaon.png","contentUrl":"https:\/\/farmaon4.apptirana.al\/wp-content\/uploads\/2024\/08\/7f987514-logo-farmaon.png","width":219,"height":53,"caption":"Farmaon"},"image":{"@id":"https:\/\/farmaon4.apptirana.al\/#\/schema\/logo\/image\/"}}]},"product_price_amount":"3200","product_price_currency":"ALL","og_availability":"instock","product_availability":"instock","product_retailer_item_id":"4499254","product_condition":"new"},"_links":{"self":[{"href":"https:\/\/farmaon4.apptirana.al\/en\/wp-json\/wp\/v2\/product\/496452","targetHints":{"allow":["GET"]}}],"collection":[{"href":"https:\/\/farmaon4.apptirana.al\/en\/wp-json\/wp\/v2\/product"}],"about":[{"href":"https:\/\/farmaon4.apptirana.al\/en\/wp-json\/wp\/v2\/types\/product"}],"version-history":[{"count":0,"href":"https:\/\/farmaon4.apptirana.al\/en\/wp-json\/wp\/v2\/product\/496452\/revisions"}],"wp:featuredmedia":[{"embeddable":true,"href":"https:\/\/farmaon4.apptirana.al\/en\/wp-json\/wp\/v2\/media\/473936"}],"wp:attachment":[{"href":"https:\/\/farmaon4.apptirana.al\/en\/wp-json\/wp\/v2\/media?parent=496452"}],"wp:term":[{"taxonomy":"product_brand","embeddable":true,"href":"https:\/\/farmaon4.apptirana.al\/en\/wp-json\/wp\/v2\/product_brand?post=496452"},{"taxonomy":"product_cat","embeddable":true,"href":"https:\/\/farmaon4.apptirana.al\/en\/wp-json\/wp\/v2\/product_cat?post=496452"},{"taxonomy":"product_tag","embeddable":true,"href":"https:\/\/farmaon4.apptirana.al\/en\/wp-json\/wp\/v2\/product_tag?post=496452"},{"taxonomy":"giftcard-category","embeddable":true,"href":"https:\/\/farmaon4.apptirana.al\/en\/wp-json\/wp\/v2\/giftcard-category?post=496452"}],"curies":[{"name":"wp","href":"https:\/\/api.w.org\/{rel}","templated":true}]}}