{"id":497071,"date":"2024-09-20T23:49:21","date_gmt":"2024-09-20T23:49:21","guid":{"rendered":"https:\/\/farmaon4.apptirana.al\/produkt\/alta-natura-macrovyt-magnesium-b-complex-2\/"},"modified":"2026-04-25T10:17:08","modified_gmt":"2026-04-25T09:17:08","slug":"alta-natura-macrovyt-magnesium-b-complex","status":"publish","type":"product","link":"https:\/\/farmaon4.apptirana.al\/en\/produkt\/alta-natura-macrovyt-magnesium-b-complex\/","title":{"rendered":"Alta Natura Macrovyt Magnesium- B Complex"},"content":{"rendered":"<p>Suplement ushqimor q\u00eb kombinon magnezin me vitaminat e grupit B.<\/p>\n<p>Rekomandohet t\u00eb konsumohet n\u00eb rast kur nuk i marrim plot\u00ebsisht nga ushqimi ose kur rritet nevoja p\u00ebr to. Magnezi kontribuon n\u00eb pak\u00ebsimin e lodhjes, dhe rikthen balanc\u00ebn elektrolitike.<\/p>\n<p>Magnezi dhe vitaminat B jan\u00eb t\u00eb nevojshme p\u00ebr:<\/p>\n<ul>\n<li>ruajtjen e parametrave fizike dhe mendore.<\/li>\n<li>t\u00eb pak\u00ebsuar lodhjen.<\/li>\n<li>t\u00eb rregulluar metabolizmin energjik.<\/li>\n<\/ul>\n<p>Suplementet ushqimor\u00eb nuk z\u00ebv\u00ebnd\u00ebsojn\u00eb diet\u00ebn ushqimore.<\/p>\n<p>T\u00eb mbahet larg f\u00ebmij\u00ebve.<\/p>\n","protected":false},"excerpt":{"rendered":"<p>Suplement ushqimor me magnez dhe vitamina t\u00eb grupit B p\u00ebr t\u00eb rritur<\/p>\n<p>18 bustina<\/p>\n","protected":false},"featured_media":472823,"template":"","meta":{"_acf_changed":false},"product_brand":[],"product_cat":[50011,50159,50286,50285,50299],"product_tag":[54512,54009,50535,51917],"giftcard-category":[],"class_list":{"0":"post-497071","1":"product","2":"type-product","3":"status-publish","4":"has-post-thumbnail","6":"product_cat-balanca-elektrolitike-english","7":"product_cat-magnez-english","8":"product_cat-sipas-veprimit-english","9":"product_cat-sipas-permbajtjes-english","10":"product_cat-suplemente-english","11":"product_tag-vitamina-te-grupit-b-en","12":"product_tag-balanca-elektrolitike-en","13":"product_tag-magnez-en","14":"product_tag-lodhje-en","16":"first","17":"instock","18":"sale","19":"taxable","20":"shipping-taxable","21":"purchasable","22":"product-type-simple"},"bundled_by":[],"bundle_stock_status":"instock","bundle_stock_quantity":4,"bundle_virtual":false,"bundle_layout":"","bundle_add_to_cart_form_location":"","bundle_editable_in_cart":false,"bundle_sold_individually_context":"","bundle_item_grouping":"","bundle_min_size":"","bundle_max_size":"","bundle_price":[],"bundled_items":[],"bundle_sell_ids":[],"acf":[],"yoast_head":"<!-- This site is optimized with the Yoast SEO Premium plugin v23.0 (Yoast SEO v26.0) - https:\/\/yoast.com\/wordpress\/plugins\/seo\/ -->\n<title>Alta Natura Macrovyt Magnesium- B Complex - Farmaon<\/title>\n<meta name=\"robots\" content=\"index, follow, max-snippet:-1, max-image-preview:large, max-video-preview:-1\" \/>\n<link rel=\"canonical\" href=\"https:\/\/farmaon4.apptirana.al\/en\/produkt\/alta-natura-macrovyt-magnesium-b-complex\/\" \/>\n<meta property=\"og:locale\" content=\"en_US\" \/>\n<meta property=\"og:type\" content=\"article\" \/>\n<meta property=\"og:title\" content=\"Alta Natura Macrovyt Magnesium- B Complex\" \/>\n<meta property=\"og:description\" content=\"Suplement ushqimor me magnez dhe vitamina t\u00eb grupit B p\u00ebr t\u00eb rritur 18 bustina\" \/>\n<meta property=\"og:url\" content=\"https:\/\/farmaon4.apptirana.al\/en\/produkt\/alta-natura-macrovyt-magnesium-b-complex\/\" \/>\n<meta property=\"og:site_name\" content=\"Farmaon\" \/>\n<meta property=\"article:modified_time\" content=\"2026-04-25T09:17:08+00:00\" \/>\n<meta name=\"twitter:card\" content=\"summary_large_image\" \/>\n<meta name=\"twitter:label1\" content=\"Price\" \/>\n\t<meta name=\"twitter:data1\" content=\"1120&nbsp;L\" \/>\n\t<meta name=\"twitter:label2\" content=\"Availability\" \/>\n\t<meta name=\"twitter:data2\" content=\"In stock\" \/>\n<script type=\"application\/ld+json\" class=\"yoast-schema-graph\">{\"@context\":\"https:\/\/schema.org\",\"@graph\":[{\"@type\":\"WebPage\",\"@id\":\"https:\/\/farmaon4.apptirana.al\/en\/produkt\/alta-natura-macrovyt-magnesium-b-complex\/\",\"url\":\"https:\/\/farmaon4.apptirana.al\/en\/produkt\/alta-natura-macrovyt-magnesium-b-complex\/\",\"name\":\"Alta Natura Macrovyt Magnesium- B Complex - Farmaon\",\"isPartOf\":{\"@id\":\"https:\/\/farmaon4.apptirana.al\/#website\"},\"primaryImageOfPage\":{\"@id\":\"https:\/\/farmaon4.apptirana.al\/en\/produkt\/alta-natura-macrovyt-magnesium-b-complex\/#primaryimage\"},\"image\":{\"@id\":\"https:\/\/farmaon4.apptirana.al\/en\/produkt\/alta-natura-macrovyt-magnesium-b-complex\/#primaryimage\"},\"thumbnailUrl\":\"https:\/\/farmaon4.apptirana.al\/wp-content\/uploads\/2024\/09\/ALTAN059.jpg\",\"datePublished\":\"2024-09-20T23:49:21+00:00\",\"dateModified\":\"2026-04-25T09:17:08+00:00\",\"breadcrumb\":{\"@id\":\"https:\/\/farmaon4.apptirana.al\/en\/produkt\/alta-natura-macrovyt-magnesium-b-complex\/#breadcrumb\"},\"inLanguage\":\"en-US\",\"potentialAction\":[{\"@type\":\"ReadAction\",\"target\":[\"https:\/\/farmaon4.apptirana.al\/en\/produkt\/alta-natura-macrovyt-magnesium-b-complex\/\"]}]},{\"@type\":\"ImageObject\",\"inLanguage\":\"en-US\",\"@id\":\"https:\/\/farmaon4.apptirana.al\/en\/produkt\/alta-natura-macrovyt-magnesium-b-complex\/#primaryimage\",\"url\":\"https:\/\/farmaon4.apptirana.al\/wp-content\/uploads\/2024\/09\/ALTAN059.jpg\",\"contentUrl\":\"https:\/\/farmaon4.apptirana.al\/wp-content\/uploads\/2024\/09\/ALTAN059.jpg\",\"width\":1080,\"height\":1080},{\"@type\":\"BreadcrumbList\",\"@id\":\"https:\/\/farmaon4.apptirana.al\/en\/produkt\/alta-natura-macrovyt-magnesium-b-complex\/#breadcrumb\",\"itemListElement\":[{\"@type\":\"ListItem\",\"position\":1,\"name\":\"Home\",\"item\":\"https:\/\/farmaon4.apptirana.al\/en\/\"},{\"@type\":\"ListItem\",\"position\":2,\"name\":\"Shop\",\"item\":\"https:\/\/farmaon4.apptirana.al\/en\/shop-3\/\"},{\"@type\":\"ListItem\",\"position\":3,\"name\":\"Alta Natura Macrovyt Magnesium- B Complex\"}]},{\"@type\":\"WebSite\",\"@id\":\"https:\/\/farmaon4.apptirana.al\/#website\",\"url\":\"https:\/\/farmaon4.apptirana.al\/\",\"name\":\"Farmaon\",\"description\":\"Farmacia Juaj Online!\",\"publisher\":{\"@id\":\"https:\/\/farmaon4.apptirana.al\/#organization\"},\"potentialAction\":[{\"@type\":\"SearchAction\",\"target\":{\"@type\":\"EntryPoint\",\"urlTemplate\":\"https:\/\/farmaon4.apptirana.al\/?s={search_term_string}\"},\"query-input\":{\"@type\":\"PropertyValueSpecification\",\"valueRequired\":true,\"valueName\":\"search_term_string\"}}],\"inLanguage\":\"en-US\"},{\"@type\":\"Organization\",\"@id\":\"https:\/\/farmaon4.apptirana.al\/#organization\",\"name\":\"Farmaon\",\"url\":\"https:\/\/farmaon4.apptirana.al\/\",\"logo\":{\"@type\":\"ImageObject\",\"inLanguage\":\"en-US\",\"@id\":\"https:\/\/farmaon4.apptirana.al\/#\/schema\/logo\/image\/\",\"url\":\"https:\/\/farmaon4.apptirana.al\/wp-content\/uploads\/2024\/08\/7f987514-logo-farmaon.png\",\"contentUrl\":\"https:\/\/farmaon4.apptirana.al\/wp-content\/uploads\/2024\/08\/7f987514-logo-farmaon.png\",\"width\":219,\"height\":53,\"caption\":\"Farmaon\"},\"image\":{\"@id\":\"https:\/\/farmaon4.apptirana.al\/#\/schema\/logo\/image\/\"}}]}<\/script>\n<meta property=\"product:price:amount\" content=\"1120\" \/>\n<meta property=\"product:price:currency\" content=\"ALL\" \/>\n<meta property=\"og:availability\" content=\"instock\" \/>\n<meta property=\"product:availability\" content=\"instock\" \/>\n<meta property=\"product:retailer_item_id\" content=\"ALTAN059\" \/>\n<meta property=\"product:condition\" content=\"new\" \/>\n<!-- \/ Yoast SEO Premium plugin. -->","yoast_head_json":{"title":"Alta Natura Macrovyt Magnesium- B Complex - Farmaon","robots":{"index":"index","follow":"follow","max-snippet":"max-snippet:-1","max-image-preview":"max-image-preview:large","max-video-preview":"max-video-preview:-1"},"canonical":"https:\/\/farmaon4.apptirana.al\/en\/produkt\/alta-natura-macrovyt-magnesium-b-complex\/","og_locale":"en_US","og_type":"article","og_title":"Alta Natura Macrovyt Magnesium- B Complex","og_description":"Suplement ushqimor me magnez dhe vitamina t\u00eb grupit B p\u00ebr t\u00eb rritur 18 bustina","og_url":"https:\/\/farmaon4.apptirana.al\/en\/produkt\/alta-natura-macrovyt-magnesium-b-complex\/","og_site_name":"Farmaon","article_modified_time":"2026-04-25T09:17:08+00:00","twitter_card":"summary_large_image","twitter_misc":{"Price":"1120&nbsp;L","Availability":"In stock"},"schema":{"@context":"https:\/\/schema.org","@graph":[{"@type":"WebPage","@id":"https:\/\/farmaon4.apptirana.al\/en\/produkt\/alta-natura-macrovyt-magnesium-b-complex\/","url":"https:\/\/farmaon4.apptirana.al\/en\/produkt\/alta-natura-macrovyt-magnesium-b-complex\/","name":"Alta Natura Macrovyt Magnesium- B Complex - Farmaon","isPartOf":{"@id":"https:\/\/farmaon4.apptirana.al\/#website"},"primaryImageOfPage":{"@id":"https:\/\/farmaon4.apptirana.al\/en\/produkt\/alta-natura-macrovyt-magnesium-b-complex\/#primaryimage"},"image":{"@id":"https:\/\/farmaon4.apptirana.al\/en\/produkt\/alta-natura-macrovyt-magnesium-b-complex\/#primaryimage"},"thumbnailUrl":"https:\/\/farmaon4.apptirana.al\/wp-content\/uploads\/2024\/09\/ALTAN059.jpg","datePublished":"2024-09-20T23:49:21+00:00","dateModified":"2026-04-25T09:17:08+00:00","breadcrumb":{"@id":"https:\/\/farmaon4.apptirana.al\/en\/produkt\/alta-natura-macrovyt-magnesium-b-complex\/#breadcrumb"},"inLanguage":"en-US","potentialAction":[{"@type":"ReadAction","target":["https:\/\/farmaon4.apptirana.al\/en\/produkt\/alta-natura-macrovyt-magnesium-b-complex\/"]}]},{"@type":"ImageObject","inLanguage":"en-US","@id":"https:\/\/farmaon4.apptirana.al\/en\/produkt\/alta-natura-macrovyt-magnesium-b-complex\/#primaryimage","url":"https:\/\/farmaon4.apptirana.al\/wp-content\/uploads\/2024\/09\/ALTAN059.jpg","contentUrl":"https:\/\/farmaon4.apptirana.al\/wp-content\/uploads\/2024\/09\/ALTAN059.jpg","width":1080,"height":1080},{"@type":"BreadcrumbList","@id":"https:\/\/farmaon4.apptirana.al\/en\/produkt\/alta-natura-macrovyt-magnesium-b-complex\/#breadcrumb","itemListElement":[{"@type":"ListItem","position":1,"name":"Home","item":"https:\/\/farmaon4.apptirana.al\/en\/"},{"@type":"ListItem","position":2,"name":"Shop","item":"https:\/\/farmaon4.apptirana.al\/en\/shop-3\/"},{"@type":"ListItem","position":3,"name":"Alta Natura Macrovyt Magnesium- B Complex"}]},{"@type":"WebSite","@id":"https:\/\/farmaon4.apptirana.al\/#website","url":"https:\/\/farmaon4.apptirana.al\/","name":"Farmaon","description":"Farmacia Juaj Online!","publisher":{"@id":"https:\/\/farmaon4.apptirana.al\/#organization"},"potentialAction":[{"@type":"SearchAction","target":{"@type":"EntryPoint","urlTemplate":"https:\/\/farmaon4.apptirana.al\/?s={search_term_string}"},"query-input":{"@type":"PropertyValueSpecification","valueRequired":true,"valueName":"search_term_string"}}],"inLanguage":"en-US"},{"@type":"Organization","@id":"https:\/\/farmaon4.apptirana.al\/#organization","name":"Farmaon","url":"https:\/\/farmaon4.apptirana.al\/","logo":{"@type":"ImageObject","inLanguage":"en-US","@id":"https:\/\/farmaon4.apptirana.al\/#\/schema\/logo\/image\/","url":"https:\/\/farmaon4.apptirana.al\/wp-content\/uploads\/2024\/08\/7f987514-logo-farmaon.png","contentUrl":"https:\/\/farmaon4.apptirana.al\/wp-content\/uploads\/2024\/08\/7f987514-logo-farmaon.png","width":219,"height":53,"caption":"Farmaon"},"image":{"@id":"https:\/\/farmaon4.apptirana.al\/#\/schema\/logo\/image\/"}}]},"product_price_amount":"1120","product_price_currency":"ALL","og_availability":"instock","product_availability":"instock","product_retailer_item_id":"ALTAN059","product_condition":"new"},"_links":{"self":[{"href":"https:\/\/farmaon4.apptirana.al\/en\/wp-json\/wp\/v2\/product\/497071","targetHints":{"allow":["GET"]}}],"collection":[{"href":"https:\/\/farmaon4.apptirana.al\/en\/wp-json\/wp\/v2\/product"}],"about":[{"href":"https:\/\/farmaon4.apptirana.al\/en\/wp-json\/wp\/v2\/types\/product"}],"version-history":[{"count":0,"href":"https:\/\/farmaon4.apptirana.al\/en\/wp-json\/wp\/v2\/product\/497071\/revisions"}],"wp:featuredmedia":[{"embeddable":true,"href":"https:\/\/farmaon4.apptirana.al\/en\/wp-json\/wp\/v2\/media\/472823"}],"wp:attachment":[{"href":"https:\/\/farmaon4.apptirana.al\/en\/wp-json\/wp\/v2\/media?parent=497071"}],"wp:term":[{"taxonomy":"product_brand","embeddable":true,"href":"https:\/\/farmaon4.apptirana.al\/en\/wp-json\/wp\/v2\/product_brand?post=497071"},{"taxonomy":"product_cat","embeddable":true,"href":"https:\/\/farmaon4.apptirana.al\/en\/wp-json\/wp\/v2\/product_cat?post=497071"},{"taxonomy":"product_tag","embeddable":true,"href":"https:\/\/farmaon4.apptirana.al\/en\/wp-json\/wp\/v2\/product_tag?post=497071"},{"taxonomy":"giftcard-category","embeddable":true,"href":"https:\/\/farmaon4.apptirana.al\/en\/wp-json\/wp\/v2\/giftcard-category?post=497071"}],"curies":[{"name":"wp","href":"https:\/\/api.w.org\/{rel}","templated":true}]}}