{"id":497436,"date":"2024-09-21T07:31:04","date_gmt":"2024-09-21T07:31:04","guid":{"rendered":"https:\/\/farmaon4.apptirana.al\/produkt\/curaprox-childrens-toothpaste-no-fluoride-2\/"},"modified":"2026-04-18T07:12:27","modified_gmt":"2026-04-18T06:12:27","slug":"curaprox-childrens-toothpaste-no-fluoride","status":"publish","type":"product","link":"https:\/\/farmaon4.apptirana.al\/en\/produkt\/curaprox-childrens-toothpaste-no-fluoride\/","title":{"rendered":"Curaprox Children&#8217;s Toothpaste No Fluoride"},"content":{"rendered":"<p>Past\u00eb dh\u00ebmb\u00ebsh p\u00ebr f\u00ebmij\u00eb me shije luleshtrydheje.<\/p>\n<p>Pa fluor, \u00e7ka e b\u00ebn t\u00eb p\u00ebrshtatshme p\u00ebr p\u00ebrdorim q\u00eb nga dalja e dh\u00ebmb\u00ebve t\u00eb par\u00eb.<\/p>\n<p>Mbron dhe forcon dh\u00ebmb\u00ebt dhe mishrat e dh\u00ebmb\u00ebve.<\/p>\n<p>Enzimat jan\u00eb nj\u00eb tjet\u00ebr p\u00ebrb\u00ebr\u00ebs i k\u00ebsaj paste. Ato mb\u00ebshtesin rolin mbrojt\u00ebs natyral t\u00eb p\u00ebshtym\u00ebs, n\u00eb m\u00ebnyr\u00eb q\u00eb ajo t\u00eb mund t\u00eb funksionoj\u00eb n\u00eb rimineralizimin e smaltit t\u00eb dh\u00ebmb\u00ebve.<\/p>\n<p>Sorbitoli, parandalon tharjen e past\u00ebs s\u00eb dh\u00ebmb\u00ebve.<\/p>\n<p>Ksilitoli mbron nga bakteret dhe forcon dh\u00ebmb\u00ebt.<\/p>\n<p>Nuk p\u00ebrmban p\u00ebrb\u00ebr\u00ebs t\u00eb d\u00ebmsh\u00ebm si SLS, triklosan ose mikroplastik\u00eb.<\/p>\n<p>&nbsp;<\/p>\n","protected":false},"excerpt":{"rendered":"<p>Past\u00eb dh\u00ebmb\u00ebsh pa fluor me shije luleshtrydhe<\/p>\n<p>60 ml<\/p>\n","protected":false},"featured_media":474608,"template":"","meta":{"_acf_changed":false},"product_brand":[],"product_cat":[50048,50105,56347,50016,50104,50214],"product_tag":[51822,51003,51009],"giftcard-category":[],"class_list":{"0":"post-497436","1":"product","2":"type-product","3":"status-publish","4":"has-post-thumbnail","6":"product_cat-dhembet-e-pare-dhe-higjiena-orale-english","7":"product_cat-higjiene-english","8":"product_cat-hygiene-bebe-dhe-nena-english","9":"product_cat-bebe-dhe-nena-english","10":"product_cat-higjiena-orale-english","11":"product_cat-pasta-dentare-english","12":"product_tag-shije-luleshtrydhe-en","13":"product_tag-paste-dhembesh-en","14":"product_tag-pa-fluor-en","16":"first","17":"instock","18":"sale","19":"taxable","20":"shipping-taxable","21":"purchasable","22":"product-type-simple"},"bundled_by":[],"bundle_stock_status":"instock","bundle_stock_quantity":11,"bundle_virtual":false,"bundle_layout":"","bundle_add_to_cart_form_location":"","bundle_editable_in_cart":false,"bundle_sold_individually_context":"","bundle_item_grouping":"","bundle_min_size":"","bundle_max_size":"","bundle_price":[],"bundled_items":[],"bundle_sell_ids":[],"acf":[],"yoast_head":"<!-- This site is optimized with the Yoast SEO Premium plugin v23.0 (Yoast SEO v26.0) - https:\/\/yoast.com\/wordpress\/plugins\/seo\/ -->\n<title>Curaprox Children&#039;s Toothpaste No Fluoride - Farmaon<\/title>\n<meta name=\"robots\" content=\"index, follow, max-snippet:-1, max-image-preview:large, max-video-preview:-1\" \/>\n<link rel=\"canonical\" href=\"https:\/\/farmaon4.apptirana.al\/en\/produkt\/curaprox-childrens-toothpaste-no-fluoride\/\" \/>\n<meta property=\"og:locale\" content=\"en_US\" \/>\n<meta property=\"og:type\" content=\"article\" \/>\n<meta property=\"og:title\" content=\"Curaprox Children&#039;s Toothpaste No Fluoride\" \/>\n<meta property=\"og:description\" content=\"Past\u00eb dh\u00ebmb\u00ebsh pa fluor me shije luleshtrydhe 60 ml\" \/>\n<meta property=\"og:url\" content=\"https:\/\/farmaon4.apptirana.al\/en\/produkt\/curaprox-childrens-toothpaste-no-fluoride\/\" \/>\n<meta property=\"og:site_name\" content=\"Farmaon\" \/>\n<meta property=\"article:modified_time\" content=\"2026-04-18T06:12:27+00:00\" \/>\n<meta name=\"twitter:card\" content=\"summary_large_image\" \/>\n<meta name=\"twitter:label1\" content=\"Price\" \/>\n\t<meta name=\"twitter:data1\" content=\"555&nbsp;L\" \/>\n\t<meta name=\"twitter:label2\" content=\"Availability\" \/>\n\t<meta name=\"twitter:data2\" content=\"In stock\" \/>\n<script type=\"application\/ld+json\" class=\"yoast-schema-graph\">{\"@context\":\"https:\/\/schema.org\",\"@graph\":[{\"@type\":\"WebPage\",\"@id\":\"https:\/\/farmaon4.apptirana.al\/en\/produkt\/curaprox-childrens-toothpaste-no-fluoride\/\",\"url\":\"https:\/\/farmaon4.apptirana.al\/en\/produkt\/curaprox-childrens-toothpaste-no-fluoride\/\",\"name\":\"Curaprox Children's Toothpaste No Fluoride - Farmaon\",\"isPartOf\":{\"@id\":\"https:\/\/farmaon4.apptirana.al\/#website\"},\"primaryImageOfPage\":{\"@id\":\"https:\/\/farmaon4.apptirana.al\/en\/produkt\/curaprox-childrens-toothpaste-no-fluoride\/#primaryimage\"},\"image\":{\"@id\":\"https:\/\/farmaon4.apptirana.al\/en\/produkt\/curaprox-childrens-toothpaste-no-fluoride\/#primaryimage\"},\"thumbnailUrl\":\"https:\/\/farmaon4.apptirana.al\/wp-content\/uploads\/2024\/09\/CURA074.jpg\",\"datePublished\":\"2024-09-21T07:31:04+00:00\",\"dateModified\":\"2026-04-18T06:12:27+00:00\",\"breadcrumb\":{\"@id\":\"https:\/\/farmaon4.apptirana.al\/en\/produkt\/curaprox-childrens-toothpaste-no-fluoride\/#breadcrumb\"},\"inLanguage\":\"en-US\",\"potentialAction\":[{\"@type\":\"ReadAction\",\"target\":[\"https:\/\/farmaon4.apptirana.al\/en\/produkt\/curaprox-childrens-toothpaste-no-fluoride\/\"]}]},{\"@type\":\"ImageObject\",\"inLanguage\":\"en-US\",\"@id\":\"https:\/\/farmaon4.apptirana.al\/en\/produkt\/curaprox-childrens-toothpaste-no-fluoride\/#primaryimage\",\"url\":\"https:\/\/farmaon4.apptirana.al\/wp-content\/uploads\/2024\/09\/CURA074.jpg\",\"contentUrl\":\"https:\/\/farmaon4.apptirana.al\/wp-content\/uploads\/2024\/09\/CURA074.jpg\",\"width\":1080,\"height\":1080},{\"@type\":\"BreadcrumbList\",\"@id\":\"https:\/\/farmaon4.apptirana.al\/en\/produkt\/curaprox-childrens-toothpaste-no-fluoride\/#breadcrumb\",\"itemListElement\":[{\"@type\":\"ListItem\",\"position\":1,\"name\":\"Home\",\"item\":\"https:\/\/farmaon4.apptirana.al\/en\/\"},{\"@type\":\"ListItem\",\"position\":2,\"name\":\"Shop\",\"item\":\"https:\/\/farmaon4.apptirana.al\/en\/shop-3\/\"},{\"@type\":\"ListItem\",\"position\":3,\"name\":\"Curaprox Children&#8217;s Toothpaste No Fluoride\"}]},{\"@type\":\"WebSite\",\"@id\":\"https:\/\/farmaon4.apptirana.al\/#website\",\"url\":\"https:\/\/farmaon4.apptirana.al\/\",\"name\":\"Farmaon\",\"description\":\"Farmacia Juaj Online!\",\"publisher\":{\"@id\":\"https:\/\/farmaon4.apptirana.al\/#organization\"},\"potentialAction\":[{\"@type\":\"SearchAction\",\"target\":{\"@type\":\"EntryPoint\",\"urlTemplate\":\"https:\/\/farmaon4.apptirana.al\/?s={search_term_string}\"},\"query-input\":{\"@type\":\"PropertyValueSpecification\",\"valueRequired\":true,\"valueName\":\"search_term_string\"}}],\"inLanguage\":\"en-US\"},{\"@type\":\"Organization\",\"@id\":\"https:\/\/farmaon4.apptirana.al\/#organization\",\"name\":\"Farmaon\",\"url\":\"https:\/\/farmaon4.apptirana.al\/\",\"logo\":{\"@type\":\"ImageObject\",\"inLanguage\":\"en-US\",\"@id\":\"https:\/\/farmaon4.apptirana.al\/#\/schema\/logo\/image\/\",\"url\":\"https:\/\/farmaon4.apptirana.al\/wp-content\/uploads\/2024\/08\/7f987514-logo-farmaon.png\",\"contentUrl\":\"https:\/\/farmaon4.apptirana.al\/wp-content\/uploads\/2024\/08\/7f987514-logo-farmaon.png\",\"width\":219,\"height\":53,\"caption\":\"Farmaon\"},\"image\":{\"@id\":\"https:\/\/farmaon4.apptirana.al\/#\/schema\/logo\/image\/\"}}]}<\/script>\n<meta property=\"product:price:amount\" content=\"555\" \/>\n<meta property=\"product:price:currency\" content=\"ALL\" \/>\n<meta property=\"og:availability\" content=\"instock\" \/>\n<meta property=\"product:availability\" content=\"instock\" \/>\n<meta property=\"product:retailer_item_id\" content=\"CURA074\" \/>\n<meta property=\"product:condition\" content=\"new\" \/>\n<!-- \/ Yoast SEO Premium plugin. -->","yoast_head_json":{"title":"Curaprox Children's Toothpaste No Fluoride - Farmaon","robots":{"index":"index","follow":"follow","max-snippet":"max-snippet:-1","max-image-preview":"max-image-preview:large","max-video-preview":"max-video-preview:-1"},"canonical":"https:\/\/farmaon4.apptirana.al\/en\/produkt\/curaprox-childrens-toothpaste-no-fluoride\/","og_locale":"en_US","og_type":"article","og_title":"Curaprox Children's Toothpaste No Fluoride","og_description":"Past\u00eb dh\u00ebmb\u00ebsh pa fluor me shije luleshtrydhe 60 ml","og_url":"https:\/\/farmaon4.apptirana.al\/en\/produkt\/curaprox-childrens-toothpaste-no-fluoride\/","og_site_name":"Farmaon","article_modified_time":"2026-04-18T06:12:27+00:00","twitter_card":"summary_large_image","twitter_misc":{"Price":"555&nbsp;L","Availability":"In stock"},"schema":{"@context":"https:\/\/schema.org","@graph":[{"@type":"WebPage","@id":"https:\/\/farmaon4.apptirana.al\/en\/produkt\/curaprox-childrens-toothpaste-no-fluoride\/","url":"https:\/\/farmaon4.apptirana.al\/en\/produkt\/curaprox-childrens-toothpaste-no-fluoride\/","name":"Curaprox Children's Toothpaste No Fluoride - Farmaon","isPartOf":{"@id":"https:\/\/farmaon4.apptirana.al\/#website"},"primaryImageOfPage":{"@id":"https:\/\/farmaon4.apptirana.al\/en\/produkt\/curaprox-childrens-toothpaste-no-fluoride\/#primaryimage"},"image":{"@id":"https:\/\/farmaon4.apptirana.al\/en\/produkt\/curaprox-childrens-toothpaste-no-fluoride\/#primaryimage"},"thumbnailUrl":"https:\/\/farmaon4.apptirana.al\/wp-content\/uploads\/2024\/09\/CURA074.jpg","datePublished":"2024-09-21T07:31:04+00:00","dateModified":"2026-04-18T06:12:27+00:00","breadcrumb":{"@id":"https:\/\/farmaon4.apptirana.al\/en\/produkt\/curaprox-childrens-toothpaste-no-fluoride\/#breadcrumb"},"inLanguage":"en-US","potentialAction":[{"@type":"ReadAction","target":["https:\/\/farmaon4.apptirana.al\/en\/produkt\/curaprox-childrens-toothpaste-no-fluoride\/"]}]},{"@type":"ImageObject","inLanguage":"en-US","@id":"https:\/\/farmaon4.apptirana.al\/en\/produkt\/curaprox-childrens-toothpaste-no-fluoride\/#primaryimage","url":"https:\/\/farmaon4.apptirana.al\/wp-content\/uploads\/2024\/09\/CURA074.jpg","contentUrl":"https:\/\/farmaon4.apptirana.al\/wp-content\/uploads\/2024\/09\/CURA074.jpg","width":1080,"height":1080},{"@type":"BreadcrumbList","@id":"https:\/\/farmaon4.apptirana.al\/en\/produkt\/curaprox-childrens-toothpaste-no-fluoride\/#breadcrumb","itemListElement":[{"@type":"ListItem","position":1,"name":"Home","item":"https:\/\/farmaon4.apptirana.al\/en\/"},{"@type":"ListItem","position":2,"name":"Shop","item":"https:\/\/farmaon4.apptirana.al\/en\/shop-3\/"},{"@type":"ListItem","position":3,"name":"Curaprox Children&#8217;s Toothpaste No Fluoride"}]},{"@type":"WebSite","@id":"https:\/\/farmaon4.apptirana.al\/#website","url":"https:\/\/farmaon4.apptirana.al\/","name":"Farmaon","description":"Farmacia Juaj Online!","publisher":{"@id":"https:\/\/farmaon4.apptirana.al\/#organization"},"potentialAction":[{"@type":"SearchAction","target":{"@type":"EntryPoint","urlTemplate":"https:\/\/farmaon4.apptirana.al\/?s={search_term_string}"},"query-input":{"@type":"PropertyValueSpecification","valueRequired":true,"valueName":"search_term_string"}}],"inLanguage":"en-US"},{"@type":"Organization","@id":"https:\/\/farmaon4.apptirana.al\/#organization","name":"Farmaon","url":"https:\/\/farmaon4.apptirana.al\/","logo":{"@type":"ImageObject","inLanguage":"en-US","@id":"https:\/\/farmaon4.apptirana.al\/#\/schema\/logo\/image\/","url":"https:\/\/farmaon4.apptirana.al\/wp-content\/uploads\/2024\/08\/7f987514-logo-farmaon.png","contentUrl":"https:\/\/farmaon4.apptirana.al\/wp-content\/uploads\/2024\/08\/7f987514-logo-farmaon.png","width":219,"height":53,"caption":"Farmaon"},"image":{"@id":"https:\/\/farmaon4.apptirana.al\/#\/schema\/logo\/image\/"}}]},"product_price_amount":"555","product_price_currency":"ALL","og_availability":"instock","product_availability":"instock","product_retailer_item_id":"CURA074","product_condition":"new"},"_links":{"self":[{"href":"https:\/\/farmaon4.apptirana.al\/en\/wp-json\/wp\/v2\/product\/497436","targetHints":{"allow":["GET"]}}],"collection":[{"href":"https:\/\/farmaon4.apptirana.al\/en\/wp-json\/wp\/v2\/product"}],"about":[{"href":"https:\/\/farmaon4.apptirana.al\/en\/wp-json\/wp\/v2\/types\/product"}],"version-history":[{"count":0,"href":"https:\/\/farmaon4.apptirana.al\/en\/wp-json\/wp\/v2\/product\/497436\/revisions"}],"wp:featuredmedia":[{"embeddable":true,"href":"https:\/\/farmaon4.apptirana.al\/en\/wp-json\/wp\/v2\/media\/474608"}],"wp:attachment":[{"href":"https:\/\/farmaon4.apptirana.al\/en\/wp-json\/wp\/v2\/media?parent=497436"}],"wp:term":[{"taxonomy":"product_brand","embeddable":true,"href":"https:\/\/farmaon4.apptirana.al\/en\/wp-json\/wp\/v2\/product_brand?post=497436"},{"taxonomy":"product_cat","embeddable":true,"href":"https:\/\/farmaon4.apptirana.al\/en\/wp-json\/wp\/v2\/product_cat?post=497436"},{"taxonomy":"product_tag","embeddable":true,"href":"https:\/\/farmaon4.apptirana.al\/en\/wp-json\/wp\/v2\/product_tag?post=497436"},{"taxonomy":"giftcard-category","embeddable":true,"href":"https:\/\/farmaon4.apptirana.al\/en\/wp-json\/wp\/v2\/giftcard-category?post=497436"}],"curies":[{"name":"wp","href":"https:\/\/api.w.org\/{rel}","templated":true}]}}