{"id":497446,"date":"2024-09-20T23:52:18","date_gmt":"2024-09-20T23:52:18","guid":{"rendered":"https:\/\/farmaon4.apptirana.al\/produkt\/fitobucaneve-fitorep-spray-2\/"},"modified":"2026-05-03T18:12:04","modified_gmt":"2026-05-03T17:12:04","slug":"fitobucaneve-fitorep-spray","status":"publish","type":"product","link":"https:\/\/farmaon4.apptirana.al\/en\/produkt\/fitobucaneve-fitorep-spray\/","title":{"rendered":"FitoBucaneve Fitorep Spray"},"content":{"rendered":"<p>Spraji Fitorep Fast \u00ebsht\u00eb formuluar me q\u00ebllim q\u00eb t\u00eb mbroj\u00eb nga pickimet e insekteve.<br \/>\nP\u00ebrqendrimi i N,N dietil.m-toluamide n\u00eb 9% garanton efektivitet n\u00eb mbajtjen larg t\u00eb insekteve.<br \/>\nSiguron deri n\u00eb 3 or\u00eb mbrojtje.<\/p>\n<p>NN-Dietiltoluamidi bllokon receptor\u00ebt e nuhatjes s\u00eb insekteve.<\/p>\n<p>Vajrat esencial\u00eb geranium, sherebel\u00eb, verbena dhe myshk zhvillojn\u00eb aroma t\u00eb cilat largojn\u00eb insektet.<\/p>\n<p>T\u00eb mos aplikohet te f\u00ebmij\u00ebt n\u00ebn 2 vje\u00e7.<\/p>\n<p>Aplikimi te f\u00ebmij\u00ebt nga 2 deri n\u00eb 12 vje\u00e7 duhet t\u00eb kryhet nga nj\u00eb i rritur.<br \/>\nMos lejoni q\u00eb produkti t\u00eb bjer\u00eb n\u00eb kontakt me duart e f\u00ebmij\u00ebve.<br \/>\nMos e aplikoni m\u00eb shum\u00eb se 1 her\u00eb n\u00eb dit\u00eb te f\u00ebmij\u00ebt nga 2 deri n\u00eb 12 vje\u00e7 dhe jo m\u00eb shum\u00eb se 2 her\u00eb n\u00eb dit\u00eb te t\u00eb rriturit.<br \/>\nMos e p\u00ebrdorni n\u00eb l\u00ebkur\u00eb t\u00eb g\u00ebrvishtur, n\u00eb plag\u00eb ose n\u00eb l\u00ebkur\u00eb t\u00eb skuqur nga dielli.<br \/>\nN\u00eb rast t\u00eb reaksioneve t\u00eb pad\u00ebshiruara, hiqni produktin menj\u00ebher\u00eb duke e lar\u00eb t\u00ebr\u00ebsisht me uj\u00eb dhe sapun.<\/p>\n","protected":false},"excerpt":{"rendered":"<p>Spraj q\u00eb mbron nga pickimi i insekteve<\/p>\n<p>100 ml<\/p>\n","protected":false},"featured_media":472969,"template":"","meta":{"_acf_changed":false},"product_brand":[],"product_cat":[50142,50335,50044],"product_tag":[50451,50542,50606],"giftcard-category":[],"class_list":{"0":"post-497446","1":"product","2":"type-product","3":"status-publish","4":"has-post-thumbnail","6":"product_cat-kunder-pickimeve-nga-mushkonjat-english","7":"product_cat-body-mbrojtje-nga-dielli-english","8":"product_cat-dermokozmetike-english","9":"product_tag-te-rritur-en","10":"product_tag-femije-en","11":"product_tag-spraj-en","13":"first","14":"instock","15":"taxable","16":"shipping-taxable","17":"purchasable","18":"product-type-simple"},"bundled_by":[],"bundle_stock_status":"instock","bundle_stock_quantity":1,"bundle_virtual":false,"bundle_layout":"","bundle_add_to_cart_form_location":"","bundle_editable_in_cart":false,"bundle_sold_individually_context":"","bundle_item_grouping":"","bundle_min_size":"","bundle_max_size":"","bundle_price":[],"bundled_items":[],"bundle_sell_ids":[],"acf":[],"yoast_head":"<!-- This site is optimized with the Yoast SEO Premium plugin v23.0 (Yoast SEO v26.0) - https:\/\/yoast.com\/wordpress\/plugins\/seo\/ -->\n<title>FitoBucaneve Fitorep Spray - Farmaon<\/title>\n<meta name=\"robots\" content=\"index, follow, max-snippet:-1, max-image-preview:large, max-video-preview:-1\" \/>\n<link rel=\"canonical\" href=\"https:\/\/farmaon4.apptirana.al\/en\/produkt\/fitobucaneve-fitorep-spray\/\" \/>\n<meta property=\"og:locale\" content=\"en_US\" \/>\n<meta property=\"og:type\" content=\"article\" \/>\n<meta property=\"og:title\" content=\"FitoBucaneve Fitorep Spray\" \/>\n<meta property=\"og:description\" content=\"Spraj q\u00eb mbron nga pickimi i insekteve 100 ml\" \/>\n<meta property=\"og:url\" content=\"https:\/\/farmaon4.apptirana.al\/en\/produkt\/fitobucaneve-fitorep-spray\/\" \/>\n<meta property=\"og:site_name\" content=\"Farmaon\" \/>\n<meta property=\"article:modified_time\" content=\"2026-05-03T17:12:04+00:00\" \/>\n<meta name=\"twitter:card\" content=\"summary_large_image\" \/>\n<meta name=\"twitter:label1\" content=\"Price\" \/>\n\t<meta name=\"twitter:data1\" content=\"890&nbsp;L\" \/>\n\t<meta name=\"twitter:label2\" content=\"Availability\" \/>\n\t<meta name=\"twitter:data2\" content=\"In stock\" \/>\n<script type=\"application\/ld+json\" class=\"yoast-schema-graph\">{\"@context\":\"https:\/\/schema.org\",\"@graph\":[{\"@type\":\"WebPage\",\"@id\":\"https:\/\/farmaon4.apptirana.al\/en\/produkt\/fitobucaneve-fitorep-spray\/\",\"url\":\"https:\/\/farmaon4.apptirana.al\/en\/produkt\/fitobucaneve-fitorep-spray\/\",\"name\":\"FitoBucaneve Fitorep Spray - Farmaon\",\"isPartOf\":{\"@id\":\"https:\/\/farmaon4.apptirana.al\/#website\"},\"primaryImageOfPage\":{\"@id\":\"https:\/\/farmaon4.apptirana.al\/en\/produkt\/fitobucaneve-fitorep-spray\/#primaryimage\"},\"image\":{\"@id\":\"https:\/\/farmaon4.apptirana.al\/en\/produkt\/fitobucaneve-fitorep-spray\/#primaryimage\"},\"thumbnailUrl\":\"https:\/\/farmaon4.apptirana.al\/wp-content\/uploads\/2024\/09\/4496181.jpg\",\"datePublished\":\"2024-09-20T23:52:18+00:00\",\"dateModified\":\"2026-05-03T17:12:04+00:00\",\"breadcrumb\":{\"@id\":\"https:\/\/farmaon4.apptirana.al\/en\/produkt\/fitobucaneve-fitorep-spray\/#breadcrumb\"},\"inLanguage\":\"en-US\",\"potentialAction\":[{\"@type\":\"ReadAction\",\"target\":[\"https:\/\/farmaon4.apptirana.al\/en\/produkt\/fitobucaneve-fitorep-spray\/\"]}]},{\"@type\":\"ImageObject\",\"inLanguage\":\"en-US\",\"@id\":\"https:\/\/farmaon4.apptirana.al\/en\/produkt\/fitobucaneve-fitorep-spray\/#primaryimage\",\"url\":\"https:\/\/farmaon4.apptirana.al\/wp-content\/uploads\/2024\/09\/4496181.jpg\",\"contentUrl\":\"https:\/\/farmaon4.apptirana.al\/wp-content\/uploads\/2024\/09\/4496181.jpg\",\"width\":1080,\"height\":1080},{\"@type\":\"BreadcrumbList\",\"@id\":\"https:\/\/farmaon4.apptirana.al\/en\/produkt\/fitobucaneve-fitorep-spray\/#breadcrumb\",\"itemListElement\":[{\"@type\":\"ListItem\",\"position\":1,\"name\":\"Home\",\"item\":\"https:\/\/farmaon4.apptirana.al\/en\/\"},{\"@type\":\"ListItem\",\"position\":2,\"name\":\"Shop\",\"item\":\"https:\/\/farmaon4.apptirana.al\/en\/shop-3\/\"},{\"@type\":\"ListItem\",\"position\":3,\"name\":\"FitoBucaneve Fitorep Spray\"}]},{\"@type\":\"WebSite\",\"@id\":\"https:\/\/farmaon4.apptirana.al\/#website\",\"url\":\"https:\/\/farmaon4.apptirana.al\/\",\"name\":\"Farmaon\",\"description\":\"Farmacia Juaj Online!\",\"publisher\":{\"@id\":\"https:\/\/farmaon4.apptirana.al\/#organization\"},\"potentialAction\":[{\"@type\":\"SearchAction\",\"target\":{\"@type\":\"EntryPoint\",\"urlTemplate\":\"https:\/\/farmaon4.apptirana.al\/?s={search_term_string}\"},\"query-input\":{\"@type\":\"PropertyValueSpecification\",\"valueRequired\":true,\"valueName\":\"search_term_string\"}}],\"inLanguage\":\"en-US\"},{\"@type\":\"Organization\",\"@id\":\"https:\/\/farmaon4.apptirana.al\/#organization\",\"name\":\"Farmaon\",\"url\":\"https:\/\/farmaon4.apptirana.al\/\",\"logo\":{\"@type\":\"ImageObject\",\"inLanguage\":\"en-US\",\"@id\":\"https:\/\/farmaon4.apptirana.al\/#\/schema\/logo\/image\/\",\"url\":\"https:\/\/farmaon4.apptirana.al\/wp-content\/uploads\/2024\/08\/7f987514-logo-farmaon.png\",\"contentUrl\":\"https:\/\/farmaon4.apptirana.al\/wp-content\/uploads\/2024\/08\/7f987514-logo-farmaon.png\",\"width\":219,\"height\":53,\"caption\":\"Farmaon\"},\"image\":{\"@id\":\"https:\/\/farmaon4.apptirana.al\/#\/schema\/logo\/image\/\"}}]}<\/script>\n<meta property=\"product:price:amount\" content=\"890\" \/>\n<meta property=\"product:price:currency\" content=\"ALL\" \/>\n<meta property=\"og:availability\" content=\"instock\" \/>\n<meta property=\"product:availability\" content=\"instock\" \/>\n<meta property=\"product:retailer_item_id\" content=\"4496181\" \/>\n<meta property=\"product:condition\" content=\"new\" \/>\n<!-- \/ Yoast SEO Premium plugin. -->","yoast_head_json":{"title":"FitoBucaneve Fitorep Spray - Farmaon","robots":{"index":"index","follow":"follow","max-snippet":"max-snippet:-1","max-image-preview":"max-image-preview:large","max-video-preview":"max-video-preview:-1"},"canonical":"https:\/\/farmaon4.apptirana.al\/en\/produkt\/fitobucaneve-fitorep-spray\/","og_locale":"en_US","og_type":"article","og_title":"FitoBucaneve Fitorep Spray","og_description":"Spraj q\u00eb mbron nga pickimi i insekteve 100 ml","og_url":"https:\/\/farmaon4.apptirana.al\/en\/produkt\/fitobucaneve-fitorep-spray\/","og_site_name":"Farmaon","article_modified_time":"2026-05-03T17:12:04+00:00","twitter_card":"summary_large_image","twitter_misc":{"Price":"890&nbsp;L","Availability":"In stock"},"schema":{"@context":"https:\/\/schema.org","@graph":[{"@type":"WebPage","@id":"https:\/\/farmaon4.apptirana.al\/en\/produkt\/fitobucaneve-fitorep-spray\/","url":"https:\/\/farmaon4.apptirana.al\/en\/produkt\/fitobucaneve-fitorep-spray\/","name":"FitoBucaneve Fitorep Spray - Farmaon","isPartOf":{"@id":"https:\/\/farmaon4.apptirana.al\/#website"},"primaryImageOfPage":{"@id":"https:\/\/farmaon4.apptirana.al\/en\/produkt\/fitobucaneve-fitorep-spray\/#primaryimage"},"image":{"@id":"https:\/\/farmaon4.apptirana.al\/en\/produkt\/fitobucaneve-fitorep-spray\/#primaryimage"},"thumbnailUrl":"https:\/\/farmaon4.apptirana.al\/wp-content\/uploads\/2024\/09\/4496181.jpg","datePublished":"2024-09-20T23:52:18+00:00","dateModified":"2026-05-03T17:12:04+00:00","breadcrumb":{"@id":"https:\/\/farmaon4.apptirana.al\/en\/produkt\/fitobucaneve-fitorep-spray\/#breadcrumb"},"inLanguage":"en-US","potentialAction":[{"@type":"ReadAction","target":["https:\/\/farmaon4.apptirana.al\/en\/produkt\/fitobucaneve-fitorep-spray\/"]}]},{"@type":"ImageObject","inLanguage":"en-US","@id":"https:\/\/farmaon4.apptirana.al\/en\/produkt\/fitobucaneve-fitorep-spray\/#primaryimage","url":"https:\/\/farmaon4.apptirana.al\/wp-content\/uploads\/2024\/09\/4496181.jpg","contentUrl":"https:\/\/farmaon4.apptirana.al\/wp-content\/uploads\/2024\/09\/4496181.jpg","width":1080,"height":1080},{"@type":"BreadcrumbList","@id":"https:\/\/farmaon4.apptirana.al\/en\/produkt\/fitobucaneve-fitorep-spray\/#breadcrumb","itemListElement":[{"@type":"ListItem","position":1,"name":"Home","item":"https:\/\/farmaon4.apptirana.al\/en\/"},{"@type":"ListItem","position":2,"name":"Shop","item":"https:\/\/farmaon4.apptirana.al\/en\/shop-3\/"},{"@type":"ListItem","position":3,"name":"FitoBucaneve Fitorep Spray"}]},{"@type":"WebSite","@id":"https:\/\/farmaon4.apptirana.al\/#website","url":"https:\/\/farmaon4.apptirana.al\/","name":"Farmaon","description":"Farmacia Juaj Online!","publisher":{"@id":"https:\/\/farmaon4.apptirana.al\/#organization"},"potentialAction":[{"@type":"SearchAction","target":{"@type":"EntryPoint","urlTemplate":"https:\/\/farmaon4.apptirana.al\/?s={search_term_string}"},"query-input":{"@type":"PropertyValueSpecification","valueRequired":true,"valueName":"search_term_string"}}],"inLanguage":"en-US"},{"@type":"Organization","@id":"https:\/\/farmaon4.apptirana.al\/#organization","name":"Farmaon","url":"https:\/\/farmaon4.apptirana.al\/","logo":{"@type":"ImageObject","inLanguage":"en-US","@id":"https:\/\/farmaon4.apptirana.al\/#\/schema\/logo\/image\/","url":"https:\/\/farmaon4.apptirana.al\/wp-content\/uploads\/2024\/08\/7f987514-logo-farmaon.png","contentUrl":"https:\/\/farmaon4.apptirana.al\/wp-content\/uploads\/2024\/08\/7f987514-logo-farmaon.png","width":219,"height":53,"caption":"Farmaon"},"image":{"@id":"https:\/\/farmaon4.apptirana.al\/#\/schema\/logo\/image\/"}}]},"product_price_amount":"890","product_price_currency":"ALL","og_availability":"instock","product_availability":"instock","product_retailer_item_id":"4496181","product_condition":"new"},"_links":{"self":[{"href":"https:\/\/farmaon4.apptirana.al\/en\/wp-json\/wp\/v2\/product\/497446","targetHints":{"allow":["GET"]}}],"collection":[{"href":"https:\/\/farmaon4.apptirana.al\/en\/wp-json\/wp\/v2\/product"}],"about":[{"href":"https:\/\/farmaon4.apptirana.al\/en\/wp-json\/wp\/v2\/types\/product"}],"version-history":[{"count":0,"href":"https:\/\/farmaon4.apptirana.al\/en\/wp-json\/wp\/v2\/product\/497446\/revisions"}],"wp:featuredmedia":[{"embeddable":true,"href":"https:\/\/farmaon4.apptirana.al\/en\/wp-json\/wp\/v2\/media\/472969"}],"wp:attachment":[{"href":"https:\/\/farmaon4.apptirana.al\/en\/wp-json\/wp\/v2\/media?parent=497446"}],"wp:term":[{"taxonomy":"product_brand","embeddable":true,"href":"https:\/\/farmaon4.apptirana.al\/en\/wp-json\/wp\/v2\/product_brand?post=497446"},{"taxonomy":"product_cat","embeddable":true,"href":"https:\/\/farmaon4.apptirana.al\/en\/wp-json\/wp\/v2\/product_cat?post=497446"},{"taxonomy":"product_tag","embeddable":true,"href":"https:\/\/farmaon4.apptirana.al\/en\/wp-json\/wp\/v2\/product_tag?post=497446"},{"taxonomy":"giftcard-category","embeddable":true,"href":"https:\/\/farmaon4.apptirana.al\/en\/wp-json\/wp\/v2\/giftcard-category?post=497446"}],"curies":[{"name":"wp","href":"https:\/\/api.w.org\/{rel}","templated":true}]}}