{"id":500210,"date":"2024-12-28T19:20:18","date_gmt":"2024-12-28T18:20:18","guid":{"rendered":"https:\/\/farmaon4.apptirana.al\/produkt\/pampers-premium-care-pants-3\/"},"modified":"2026-04-27T17:12:37","modified_gmt":"2026-04-27T16:12:37","slug":"pampers-premium-care-pants-3","status":"publish","type":"product","link":"https:\/\/farmaon4.apptirana.al\/en\/produkt\/pampers-premium-care-pants-3\/","title":{"rendered":"Pampers Premium Care Pants 3"},"content":{"rendered":"<p>Zgjedhja ideale p\u00ebr rehatin\u00eb dhe konfortin e foshnjeve tuaja gjat\u00eb gjith\u00eb koh\u00ebs.<br \/>\nPelenat Pampers Premium Care Pants:<br \/>\n\u2022\tjan\u00eb prej pambuku, p\u00ebr t\u2019i ofruar but\u00ebsi foshnjes tuaj.<br \/>\n\u2022\tputhiten plot\u00ebsisht dhe si rrjedhoj\u00eb nuk rrjedhin.<br \/>\n\u2022\ttregojn\u00eb kur \u00ebsht\u00eb momenti q\u00eb duhet t\u00eb nd\u00ebrroni foshnjen tuaj n\u00ebp\u00ebrmjet nj\u00eb indikatori\/treguesi.<br \/>\n\u2022\tofron rehati pavar\u00ebsisht sa l\u00ebviz foshnja juaj.<br \/>\n\u2022\tthith lag\u00ebshtin\u00eb nga l\u00ebkura e foshnjes me q\u00ebllim q\u00eb ta leje at\u00eb t\u00eb that\u00eb.<\/p>\n","protected":false},"excerpt":{"rendered":"<p>Pelena n\u00eb form\u00eb mbathje p\u00ebr foshnje 6-11 kg<br \/>\n48 pelena<\/p>\n","protected":false},"featured_media":645411,"template":"","meta":{"_acf_changed":false},"product_brand":[],"product_cat":[50217,56347,50016],"product_tag":[50795],"giftcard-category":[],"class_list":{"0":"post-500210","1":"product","2":"type-product","3":"status-publish","4":"has-post-thumbnail","6":"product_cat-diapers-wipes","7":"product_cat-hygiene-bebe-dhe-nena-english","8":"product_cat-bebe-dhe-nena-english","9":"product_tag-pelena-en","11":"first","12":"instock","13":"taxable","14":"shipping-taxable","15":"purchasable","16":"product-type-simple"},"bundled_by":[],"bundle_stock_status":"instock","bundle_stock_quantity":11,"bundle_virtual":false,"bundle_layout":"","bundle_add_to_cart_form_location":"","bundle_editable_in_cart":false,"bundle_sold_individually_context":"","bundle_item_grouping":"","bundle_min_size":"","bundle_max_size":"","bundle_price":[],"bundled_items":[],"bundle_sell_ids":[],"acf":[],"yoast_head":"<!-- This site is optimized with the Yoast SEO Premium plugin v23.0 (Yoast SEO v26.0) - https:\/\/yoast.com\/wordpress\/plugins\/seo\/ -->\n<title>Pampers Premium Care Pants 3 - Farmaon<\/title>\n<meta name=\"robots\" content=\"index, follow, max-snippet:-1, max-image-preview:large, max-video-preview:-1\" \/>\n<link rel=\"canonical\" href=\"https:\/\/farmaon4.apptirana.al\/produkt\/pampers-premium-care-pants-3\/\" \/>\n<meta property=\"og:locale\" content=\"en_US\" \/>\n<meta property=\"og:type\" content=\"article\" \/>\n<meta property=\"og:title\" content=\"Pampers Premium Care Pants 3\" \/>\n<meta property=\"og:description\" content=\"Pelena n\u00eb form\u00eb mbathje p\u00ebr foshnje 6-11 kg 48 pelena\" \/>\n<meta property=\"og:url\" content=\"https:\/\/farmaon4.apptirana.al\/produkt\/pampers-premium-care-pants-3\/\" \/>\n<meta property=\"og:site_name\" content=\"Farmaon\" \/>\n<meta property=\"article:modified_time\" content=\"2026-04-27T16:12:37+00:00\" \/>\n<meta property=\"og:image\" content=\"https:\/\/farmaon4.apptirana.al\/wp-content\/uploads\/2025\/01\/product_image_677fe27f8230e.jpg\" \/>\n\t<meta property=\"og:image:width\" content=\"1080\" \/>\n\t<meta property=\"og:image:height\" content=\"1080\" \/>\n\t<meta property=\"og:image:type\" content=\"image\/jpeg\" \/>\n<meta name=\"twitter:card\" content=\"summary_large_image\" \/>\n<meta name=\"twitter:label1\" content=\"Price\" \/>\n\t<meta name=\"twitter:data1\" content=\"2240&nbsp;L\" \/>\n\t<meta name=\"twitter:label2\" content=\"Availability\" \/>\n\t<meta name=\"twitter:data2\" content=\"In stock\" \/>\n<script type=\"application\/ld+json\" class=\"yoast-schema-graph\">{\"@context\":\"https:\/\/schema.org\",\"@graph\":[{\"@type\":\"WebPage\",\"@id\":\"https:\/\/farmaon4.apptirana.al\/produkt\/pampers-premium-care-pants-3\/\",\"url\":\"https:\/\/farmaon4.apptirana.al\/produkt\/pampers-premium-care-pants-3\/\",\"name\":\"Pampers Premium Care Pants 3 - Farmaon\",\"isPartOf\":{\"@id\":\"https:\/\/farmaon4.apptirana.al\/#website\"},\"primaryImageOfPage\":{\"@id\":\"https:\/\/farmaon4.apptirana.al\/produkt\/pampers-premium-care-pants-3\/#primaryimage\"},\"image\":{\"@id\":\"https:\/\/farmaon4.apptirana.al\/produkt\/pampers-premium-care-pants-3\/#primaryimage\"},\"thumbnailUrl\":\"https:\/\/farmaon4.apptirana.al\/wp-content\/uploads\/2026\/02\/bilanc_500207_1770639798.jpg\",\"datePublished\":\"2024-12-28T18:20:18+00:00\",\"dateModified\":\"2026-04-27T16:12:37+00:00\",\"breadcrumb\":{\"@id\":\"https:\/\/farmaon4.apptirana.al\/produkt\/pampers-premium-care-pants-3\/#breadcrumb\"},\"inLanguage\":\"en-US\",\"potentialAction\":[{\"@type\":\"ReadAction\",\"target\":[\"https:\/\/farmaon4.apptirana.al\/produkt\/pampers-premium-care-pants-3\/\"]}]},{\"@type\":\"ImageObject\",\"inLanguage\":\"en-US\",\"@id\":\"https:\/\/farmaon4.apptirana.al\/produkt\/pampers-premium-care-pants-3\/#primaryimage\",\"url\":\"https:\/\/farmaon4.apptirana.al\/wp-content\/uploads\/2026\/02\/bilanc_500207_1770639798.jpg\",\"contentUrl\":\"https:\/\/farmaon4.apptirana.al\/wp-content\/uploads\/2026\/02\/bilanc_500207_1770639798.jpg\",\"width\":1080,\"height\":1080},{\"@type\":\"BreadcrumbList\",\"@id\":\"https:\/\/farmaon4.apptirana.al\/produkt\/pampers-premium-care-pants-3\/#breadcrumb\",\"itemListElement\":[{\"@type\":\"ListItem\",\"position\":1,\"name\":\"Home\",\"item\":\"https:\/\/farmaon4.apptirana.al\/en\/\"},{\"@type\":\"ListItem\",\"position\":2,\"name\":\"Shop\",\"item\":\"https:\/\/farmaon4.apptirana.al\/en\/shop-3\/\"},{\"@type\":\"ListItem\",\"position\":3,\"name\":\"Pampers Premium Care Pants 3\"}]},{\"@type\":\"WebSite\",\"@id\":\"https:\/\/farmaon4.apptirana.al\/#website\",\"url\":\"https:\/\/farmaon4.apptirana.al\/\",\"name\":\"Farmaon\",\"description\":\"Farmacia Juaj Online!\",\"publisher\":{\"@id\":\"https:\/\/farmaon4.apptirana.al\/#organization\"},\"potentialAction\":[{\"@type\":\"SearchAction\",\"target\":{\"@type\":\"EntryPoint\",\"urlTemplate\":\"https:\/\/farmaon4.apptirana.al\/?s={search_term_string}\"},\"query-input\":{\"@type\":\"PropertyValueSpecification\",\"valueRequired\":true,\"valueName\":\"search_term_string\"}}],\"inLanguage\":\"en-US\"},{\"@type\":\"Organization\",\"@id\":\"https:\/\/farmaon4.apptirana.al\/#organization\",\"name\":\"Farmaon\",\"url\":\"https:\/\/farmaon4.apptirana.al\/\",\"logo\":{\"@type\":\"ImageObject\",\"inLanguage\":\"en-US\",\"@id\":\"https:\/\/farmaon4.apptirana.al\/#\/schema\/logo\/image\/\",\"url\":\"https:\/\/farmaon4.apptirana.al\/wp-content\/uploads\/2024\/08\/7f987514-logo-farmaon.png\",\"contentUrl\":\"https:\/\/farmaon4.apptirana.al\/wp-content\/uploads\/2024\/08\/7f987514-logo-farmaon.png\",\"width\":219,\"height\":53,\"caption\":\"Farmaon\"},\"image\":{\"@id\":\"https:\/\/farmaon4.apptirana.al\/#\/schema\/logo\/image\/\"}}]}<\/script>\n<meta property=\"product:price:amount\" content=\"2240\" \/>\n<meta property=\"product:price:currency\" content=\"ALL\" \/>\n<meta property=\"og:availability\" content=\"instock\" \/>\n<meta property=\"product:availability\" content=\"instock\" \/>\n<meta property=\"product:retailer_item_id\" content=\"PA57\" \/>\n<meta property=\"product:condition\" content=\"new\" \/>\n<!-- \/ Yoast SEO Premium plugin. -->","yoast_head_json":{"title":"Pampers Premium Care Pants 3 - Farmaon","robots":{"index":"index","follow":"follow","max-snippet":"max-snippet:-1","max-image-preview":"max-image-preview:large","max-video-preview":"max-video-preview:-1"},"canonical":"https:\/\/farmaon4.apptirana.al\/produkt\/pampers-premium-care-pants-3\/","og_locale":"en_US","og_type":"article","og_title":"Pampers Premium Care Pants 3","og_description":"Pelena n\u00eb form\u00eb mbathje p\u00ebr foshnje 6-11 kg 48 pelena","og_url":"https:\/\/farmaon4.apptirana.al\/produkt\/pampers-premium-care-pants-3\/","og_site_name":"Farmaon","article_modified_time":"2026-04-27T16:12:37+00:00","og_image":[{"width":1080,"height":1080,"url":"https:\/\/farmaon4.apptirana.al\/wp-content\/uploads\/2025\/01\/product_image_677fe27f8230e.jpg","type":"image\/jpeg"}],"twitter_card":"summary_large_image","twitter_misc":{"Price":"2240&nbsp;L","Availability":"In stock"},"schema":{"@context":"https:\/\/schema.org","@graph":[{"@type":"WebPage","@id":"https:\/\/farmaon4.apptirana.al\/produkt\/pampers-premium-care-pants-3\/","url":"https:\/\/farmaon4.apptirana.al\/produkt\/pampers-premium-care-pants-3\/","name":"Pampers Premium Care Pants 3 - Farmaon","isPartOf":{"@id":"https:\/\/farmaon4.apptirana.al\/#website"},"primaryImageOfPage":{"@id":"https:\/\/farmaon4.apptirana.al\/produkt\/pampers-premium-care-pants-3\/#primaryimage"},"image":{"@id":"https:\/\/farmaon4.apptirana.al\/produkt\/pampers-premium-care-pants-3\/#primaryimage"},"thumbnailUrl":"https:\/\/farmaon4.apptirana.al\/wp-content\/uploads\/2026\/02\/bilanc_500207_1770639798.jpg","datePublished":"2024-12-28T18:20:18+00:00","dateModified":"2026-04-27T16:12:37+00:00","breadcrumb":{"@id":"https:\/\/farmaon4.apptirana.al\/produkt\/pampers-premium-care-pants-3\/#breadcrumb"},"inLanguage":"en-US","potentialAction":[{"@type":"ReadAction","target":["https:\/\/farmaon4.apptirana.al\/produkt\/pampers-premium-care-pants-3\/"]}]},{"@type":"ImageObject","inLanguage":"en-US","@id":"https:\/\/farmaon4.apptirana.al\/produkt\/pampers-premium-care-pants-3\/#primaryimage","url":"https:\/\/farmaon4.apptirana.al\/wp-content\/uploads\/2026\/02\/bilanc_500207_1770639798.jpg","contentUrl":"https:\/\/farmaon4.apptirana.al\/wp-content\/uploads\/2026\/02\/bilanc_500207_1770639798.jpg","width":1080,"height":1080},{"@type":"BreadcrumbList","@id":"https:\/\/farmaon4.apptirana.al\/produkt\/pampers-premium-care-pants-3\/#breadcrumb","itemListElement":[{"@type":"ListItem","position":1,"name":"Home","item":"https:\/\/farmaon4.apptirana.al\/en\/"},{"@type":"ListItem","position":2,"name":"Shop","item":"https:\/\/farmaon4.apptirana.al\/en\/shop-3\/"},{"@type":"ListItem","position":3,"name":"Pampers Premium Care Pants 3"}]},{"@type":"WebSite","@id":"https:\/\/farmaon4.apptirana.al\/#website","url":"https:\/\/farmaon4.apptirana.al\/","name":"Farmaon","description":"Farmacia Juaj Online!","publisher":{"@id":"https:\/\/farmaon4.apptirana.al\/#organization"},"potentialAction":[{"@type":"SearchAction","target":{"@type":"EntryPoint","urlTemplate":"https:\/\/farmaon4.apptirana.al\/?s={search_term_string}"},"query-input":{"@type":"PropertyValueSpecification","valueRequired":true,"valueName":"search_term_string"}}],"inLanguage":"en-US"},{"@type":"Organization","@id":"https:\/\/farmaon4.apptirana.al\/#organization","name":"Farmaon","url":"https:\/\/farmaon4.apptirana.al\/","logo":{"@type":"ImageObject","inLanguage":"en-US","@id":"https:\/\/farmaon4.apptirana.al\/#\/schema\/logo\/image\/","url":"https:\/\/farmaon4.apptirana.al\/wp-content\/uploads\/2024\/08\/7f987514-logo-farmaon.png","contentUrl":"https:\/\/farmaon4.apptirana.al\/wp-content\/uploads\/2024\/08\/7f987514-logo-farmaon.png","width":219,"height":53,"caption":"Farmaon"},"image":{"@id":"https:\/\/farmaon4.apptirana.al\/#\/schema\/logo\/image\/"}}]},"product_price_amount":"2240","product_price_currency":"ALL","og_availability":"instock","product_availability":"instock","product_retailer_item_id":"PA57","product_condition":"new"},"_links":{"self":[{"href":"https:\/\/farmaon4.apptirana.al\/en\/wp-json\/wp\/v2\/product\/500210","targetHints":{"allow":["GET"]}}],"collection":[{"href":"https:\/\/farmaon4.apptirana.al\/en\/wp-json\/wp\/v2\/product"}],"about":[{"href":"https:\/\/farmaon4.apptirana.al\/en\/wp-json\/wp\/v2\/types\/product"}],"version-history":[{"count":0,"href":"https:\/\/farmaon4.apptirana.al\/en\/wp-json\/wp\/v2\/product\/500210\/revisions"}],"wp:featuredmedia":[{"embeddable":true,"href":"https:\/\/farmaon4.apptirana.al\/en\/wp-json\/wp\/v2\/media\/645411"}],"wp:attachment":[{"href":"https:\/\/farmaon4.apptirana.al\/en\/wp-json\/wp\/v2\/media?parent=500210"}],"wp:term":[{"taxonomy":"product_brand","embeddable":true,"href":"https:\/\/farmaon4.apptirana.al\/en\/wp-json\/wp\/v2\/product_brand?post=500210"},{"taxonomy":"product_cat","embeddable":true,"href":"https:\/\/farmaon4.apptirana.al\/en\/wp-json\/wp\/v2\/product_cat?post=500210"},{"taxonomy":"product_tag","embeddable":true,"href":"https:\/\/farmaon4.apptirana.al\/en\/wp-json\/wp\/v2\/product_tag?post=500210"},{"taxonomy":"giftcard-category","embeddable":true,"href":"https:\/\/farmaon4.apptirana.al\/en\/wp-json\/wp\/v2\/giftcard-category?post=500210"}],"curies":[{"name":"wp","href":"https:\/\/api.w.org\/{rel}","templated":true}]}}