{"id":572825,"date":"2025-05-07T16:00:32","date_gmt":"2025-05-07T15:00:32","guid":{"rendered":"https:\/\/farmaon4.apptirana.al\/produkt\/novexpert-col-pro-collagene-expert-anti-age-contour-eyes-2\/"},"modified":"2025-09-12T19:09:39","modified_gmt":"2025-09-12T18:09:39","slug":"novexpert-col-pro-collagene-expert-anti-age-contour-eyes-2","status":"publish","type":"product","link":"https:\/\/farmaon4.apptirana.al\/en\/produkt\/novexpert-col-pro-collagene-expert-anti-age-contour-eyes-2\/","title":{"rendered":"Novexpert Col Pro-Collagene Expert Anti-Age Contour Eyes"},"content":{"rendered":"<p>Formulim me veprim t\u00eb trefisht\u00eb p\u00ebr zon\u00ebn rreth:<br \/>\n\u2022\tpak\u00ebson rrudhat,<br \/>\n\u2022\tpak\u00ebson qeset e formuara n\u00eb zon\u00ebn rreth syve<br \/>\n\u2022\tredukton dhe zbeh rrath\u00ebt e err\u00ebt.<br \/>\nTekstur\u00eb e leht\u00eb, kremoze, e p\u00ebrshtatshme p\u00ebr cdo lloj l\u00ebkure.<br \/>\nHipoalergjik.<br \/>\nI p\u00ebrshtatsh\u00ebm p\u00ebr grat\u00eb shtatz\u00ebna dhe gjidh\u00ebn\u00ebse.<br \/>\nVegan &#038; organik.<\/p>\n","protected":false},"excerpt":{"rendered":"<p>Krem kund\u00ebr rrudhave dhe rrath\u00ebve t\u00eb zinj n\u00eb zon\u00ebn rreth syve<br \/>\n15 ml<\/p>\n","protected":false},"featured_media":572821,"template":"","meta":{"_acf_changed":false},"product_brand":[],"product_cat":[49981,50044,50302,55668],"product_tag":[57893,50627,50635,55481,50665],"giftcard-category":[],"class_list":{"0":"post-572825","1":"product","2":"type-product","3":"status-publish","4":"has-post-thumbnail","6":"product_cat-anti-age-dhe-anti-rrudhe-english","7":"product_cat-dermokozmetike-english","8":"product_cat-syte-english","9":"product_cat-face-dermokozmetike-english","10":"product_tag-anti-age-en","11":"product_tag-anti-rrudhe-en","12":"product_tag-kolagjen-en","13":"product_tag-cream-en","14":"product_tag-syte-en","16":"first","17":"instock","18":"taxable","19":"shipping-taxable","20":"product-type-simple"},"bundled_by":[],"bundle_stock_status":"instock","bundle_stock_quantity":null,"bundle_virtual":false,"bundle_layout":"","bundle_add_to_cart_form_location":"","bundle_editable_in_cart":false,"bundle_sold_individually_context":"","bundle_item_grouping":"","bundle_min_size":"","bundle_max_size":"","bundle_price":[],"bundled_items":[],"bundle_sell_ids":[],"acf":[],"yoast_head":"<!-- This site is optimized with the Yoast SEO Premium plugin v23.0 (Yoast SEO v26.0) - https:\/\/yoast.com\/wordpress\/plugins\/seo\/ -->\n<title>Novexpert Col Pro-Collagene Expert Anti-Age Contour Eyes - Farmaon<\/title>\n<meta name=\"robots\" content=\"index, follow, max-snippet:-1, max-image-preview:large, max-video-preview:-1\" \/>\n<link rel=\"canonical\" href=\"https:\/\/farmaon4.apptirana.al\/en\/produkt\/novexpert-col-pro-collagene-expert-anti-age-contour-eyes-2\/\" \/>\n<meta property=\"og:locale\" content=\"en_US\" \/>\n<meta property=\"og:type\" content=\"article\" \/>\n<meta property=\"og:title\" content=\"Novexpert Col Pro-Collagene Expert Anti-Age Contour Eyes\" \/>\n<meta property=\"og:description\" content=\"Krem kund\u00ebr rrudhave dhe rrath\u00ebve t\u00eb zinj n\u00eb zon\u00ebn rreth syve 15 ml\" \/>\n<meta property=\"og:url\" content=\"https:\/\/farmaon4.apptirana.al\/en\/produkt\/novexpert-col-pro-collagene-expert-anti-age-contour-eyes-2\/\" \/>\n<meta property=\"og:site_name\" content=\"Farmaon\" \/>\n<meta property=\"article:modified_time\" content=\"2025-09-12T18:09:39+00:00\" \/>\n<meta property=\"og:image\" content=\"https:\/\/farmaon4.apptirana.al\/wp-content\/uploads\/2025\/05\/product_image_681b7591704e5.jpg\" \/>\n\t<meta property=\"og:image:width\" content=\"1080\" \/>\n\t<meta property=\"og:image:height\" content=\"1080\" \/>\n\t<meta property=\"og:image:type\" content=\"image\/jpeg\" \/>\n<meta name=\"twitter:card\" content=\"summary_large_image\" \/>\n<meta name=\"twitter:label1\" content=\"Price\" \/>\n\t<meta name=\"twitter:data1\" content=\"\" \/>\n\t<meta name=\"twitter:label2\" content=\"Availability\" \/>\n\t<meta name=\"twitter:data2\" content=\"In stock\" \/>\n<script type=\"application\/ld+json\" class=\"yoast-schema-graph\">{\"@context\":\"https:\/\/schema.org\",\"@graph\":[{\"@type\":\"WebPage\",\"@id\":\"https:\/\/farmaon4.apptirana.al\/en\/produkt\/novexpert-col-pro-collagene-expert-anti-age-contour-eyes-2\/\",\"url\":\"https:\/\/farmaon4.apptirana.al\/en\/produkt\/novexpert-col-pro-collagene-expert-anti-age-contour-eyes-2\/\",\"name\":\"Novexpert Col Pro-Collagene Expert Anti-Age Contour Eyes - Farmaon\",\"isPartOf\":{\"@id\":\"https:\/\/farmaon4.apptirana.al\/#website\"},\"primaryImageOfPage\":{\"@id\":\"https:\/\/farmaon4.apptirana.al\/en\/produkt\/novexpert-col-pro-collagene-expert-anti-age-contour-eyes-2\/#primaryimage\"},\"image\":{\"@id\":\"https:\/\/farmaon4.apptirana.al\/en\/produkt\/novexpert-col-pro-collagene-expert-anti-age-contour-eyes-2\/#primaryimage\"},\"thumbnailUrl\":\"https:\/\/farmaon4.apptirana.al\/wp-content\/uploads\/2025\/05\/product_image_681b7591704e5.jpg\",\"datePublished\":\"2025-05-07T15:00:32+00:00\",\"dateModified\":\"2025-09-12T18:09:39+00:00\",\"breadcrumb\":{\"@id\":\"https:\/\/farmaon4.apptirana.al\/en\/produkt\/novexpert-col-pro-collagene-expert-anti-age-contour-eyes-2\/#breadcrumb\"},\"inLanguage\":\"en-US\",\"potentialAction\":[{\"@type\":\"ReadAction\",\"target\":[\"https:\/\/farmaon4.apptirana.al\/en\/produkt\/novexpert-col-pro-collagene-expert-anti-age-contour-eyes-2\/\"]}]},{\"@type\":\"ImageObject\",\"inLanguage\":\"en-US\",\"@id\":\"https:\/\/farmaon4.apptirana.al\/en\/produkt\/novexpert-col-pro-collagene-expert-anti-age-contour-eyes-2\/#primaryimage\",\"url\":\"https:\/\/farmaon4.apptirana.al\/wp-content\/uploads\/2025\/05\/product_image_681b7591704e5.jpg\",\"contentUrl\":\"https:\/\/farmaon4.apptirana.al\/wp-content\/uploads\/2025\/05\/product_image_681b7591704e5.jpg\",\"width\":1080,\"height\":1080},{\"@type\":\"BreadcrumbList\",\"@id\":\"https:\/\/farmaon4.apptirana.al\/en\/produkt\/novexpert-col-pro-collagene-expert-anti-age-contour-eyes-2\/#breadcrumb\",\"itemListElement\":[{\"@type\":\"ListItem\",\"position\":1,\"name\":\"Home\",\"item\":\"https:\/\/farmaon4.apptirana.al\/en\/\"},{\"@type\":\"ListItem\",\"position\":2,\"name\":\"Shop\",\"item\":\"https:\/\/farmaon4.apptirana.al\/en\/shop-3\/\"},{\"@type\":\"ListItem\",\"position\":3,\"name\":\"Novexpert Col Pro-Collagene Expert Anti-Age Contour Eyes\"}]},{\"@type\":\"WebSite\",\"@id\":\"https:\/\/farmaon4.apptirana.al\/#website\",\"url\":\"https:\/\/farmaon4.apptirana.al\/\",\"name\":\"Farmaon\",\"description\":\"Farmacia Juaj Online!\",\"publisher\":{\"@id\":\"https:\/\/farmaon4.apptirana.al\/#organization\"},\"potentialAction\":[{\"@type\":\"SearchAction\",\"target\":{\"@type\":\"EntryPoint\",\"urlTemplate\":\"https:\/\/farmaon4.apptirana.al\/?s={search_term_string}\"},\"query-input\":{\"@type\":\"PropertyValueSpecification\",\"valueRequired\":true,\"valueName\":\"search_term_string\"}}],\"inLanguage\":\"en-US\"},{\"@type\":\"Organization\",\"@id\":\"https:\/\/farmaon4.apptirana.al\/#organization\",\"name\":\"Farmaon\",\"url\":\"https:\/\/farmaon4.apptirana.al\/\",\"logo\":{\"@type\":\"ImageObject\",\"inLanguage\":\"en-US\",\"@id\":\"https:\/\/farmaon4.apptirana.al\/#\/schema\/logo\/image\/\",\"url\":\"https:\/\/farmaon4.apptirana.al\/wp-content\/uploads\/2024\/08\/7f987514-logo-farmaon.png\",\"contentUrl\":\"https:\/\/farmaon4.apptirana.al\/wp-content\/uploads\/2024\/08\/7f987514-logo-farmaon.png\",\"width\":219,\"height\":53,\"caption\":\"Farmaon\"},\"image\":{\"@id\":\"https:\/\/farmaon4.apptirana.al\/#\/schema\/logo\/image\/\"}}]}<\/script>\n<meta property=\"product:price:currency\" content=\"ALL\" \/>\n<meta property=\"og:availability\" content=\"instock\" \/>\n<meta property=\"product:availability\" content=\"instock\" \/>\n<meta property=\"product:retailer_item_id\" content=\"NOVE042\" \/>\n<meta property=\"product:condition\" content=\"new\" \/>\n<!-- \/ Yoast SEO Premium plugin. -->","yoast_head_json":{"title":"Novexpert Col Pro-Collagene Expert Anti-Age Contour Eyes - Farmaon","robots":{"index":"index","follow":"follow","max-snippet":"max-snippet:-1","max-image-preview":"max-image-preview:large","max-video-preview":"max-video-preview:-1"},"canonical":"https:\/\/farmaon4.apptirana.al\/en\/produkt\/novexpert-col-pro-collagene-expert-anti-age-contour-eyes-2\/","og_locale":"en_US","og_type":"article","og_title":"Novexpert Col Pro-Collagene Expert Anti-Age Contour Eyes","og_description":"Krem kund\u00ebr rrudhave dhe rrath\u00ebve t\u00eb zinj n\u00eb zon\u00ebn rreth syve 15 ml","og_url":"https:\/\/farmaon4.apptirana.al\/en\/produkt\/novexpert-col-pro-collagene-expert-anti-age-contour-eyes-2\/","og_site_name":"Farmaon","article_modified_time":"2025-09-12T18:09:39+00:00","og_image":[{"width":1080,"height":1080,"url":"https:\/\/farmaon4.apptirana.al\/wp-content\/uploads\/2025\/05\/product_image_681b7591704e5.jpg","type":"image\/jpeg"}],"twitter_card":"summary_large_image","twitter_misc":{"Price":"","Availability":"In stock"},"schema":{"@context":"https:\/\/schema.org","@graph":[{"@type":"WebPage","@id":"https:\/\/farmaon4.apptirana.al\/en\/produkt\/novexpert-col-pro-collagene-expert-anti-age-contour-eyes-2\/","url":"https:\/\/farmaon4.apptirana.al\/en\/produkt\/novexpert-col-pro-collagene-expert-anti-age-contour-eyes-2\/","name":"Novexpert Col Pro-Collagene Expert Anti-Age Contour Eyes - Farmaon","isPartOf":{"@id":"https:\/\/farmaon4.apptirana.al\/#website"},"primaryImageOfPage":{"@id":"https:\/\/farmaon4.apptirana.al\/en\/produkt\/novexpert-col-pro-collagene-expert-anti-age-contour-eyes-2\/#primaryimage"},"image":{"@id":"https:\/\/farmaon4.apptirana.al\/en\/produkt\/novexpert-col-pro-collagene-expert-anti-age-contour-eyes-2\/#primaryimage"},"thumbnailUrl":"https:\/\/farmaon4.apptirana.al\/wp-content\/uploads\/2025\/05\/product_image_681b7591704e5.jpg","datePublished":"2025-05-07T15:00:32+00:00","dateModified":"2025-09-12T18:09:39+00:00","breadcrumb":{"@id":"https:\/\/farmaon4.apptirana.al\/en\/produkt\/novexpert-col-pro-collagene-expert-anti-age-contour-eyes-2\/#breadcrumb"},"inLanguage":"en-US","potentialAction":[{"@type":"ReadAction","target":["https:\/\/farmaon4.apptirana.al\/en\/produkt\/novexpert-col-pro-collagene-expert-anti-age-contour-eyes-2\/"]}]},{"@type":"ImageObject","inLanguage":"en-US","@id":"https:\/\/farmaon4.apptirana.al\/en\/produkt\/novexpert-col-pro-collagene-expert-anti-age-contour-eyes-2\/#primaryimage","url":"https:\/\/farmaon4.apptirana.al\/wp-content\/uploads\/2025\/05\/product_image_681b7591704e5.jpg","contentUrl":"https:\/\/farmaon4.apptirana.al\/wp-content\/uploads\/2025\/05\/product_image_681b7591704e5.jpg","width":1080,"height":1080},{"@type":"BreadcrumbList","@id":"https:\/\/farmaon4.apptirana.al\/en\/produkt\/novexpert-col-pro-collagene-expert-anti-age-contour-eyes-2\/#breadcrumb","itemListElement":[{"@type":"ListItem","position":1,"name":"Home","item":"https:\/\/farmaon4.apptirana.al\/en\/"},{"@type":"ListItem","position":2,"name":"Shop","item":"https:\/\/farmaon4.apptirana.al\/en\/shop-3\/"},{"@type":"ListItem","position":3,"name":"Novexpert Col Pro-Collagene Expert Anti-Age Contour Eyes"}]},{"@type":"WebSite","@id":"https:\/\/farmaon4.apptirana.al\/#website","url":"https:\/\/farmaon4.apptirana.al\/","name":"Farmaon","description":"Farmacia Juaj Online!","publisher":{"@id":"https:\/\/farmaon4.apptirana.al\/#organization"},"potentialAction":[{"@type":"SearchAction","target":{"@type":"EntryPoint","urlTemplate":"https:\/\/farmaon4.apptirana.al\/?s={search_term_string}"},"query-input":{"@type":"PropertyValueSpecification","valueRequired":true,"valueName":"search_term_string"}}],"inLanguage":"en-US"},{"@type":"Organization","@id":"https:\/\/farmaon4.apptirana.al\/#organization","name":"Farmaon","url":"https:\/\/farmaon4.apptirana.al\/","logo":{"@type":"ImageObject","inLanguage":"en-US","@id":"https:\/\/farmaon4.apptirana.al\/#\/schema\/logo\/image\/","url":"https:\/\/farmaon4.apptirana.al\/wp-content\/uploads\/2024\/08\/7f987514-logo-farmaon.png","contentUrl":"https:\/\/farmaon4.apptirana.al\/wp-content\/uploads\/2024\/08\/7f987514-logo-farmaon.png","width":219,"height":53,"caption":"Farmaon"},"image":{"@id":"https:\/\/farmaon4.apptirana.al\/#\/schema\/logo\/image\/"}}]},"product_price_currency":"ALL","og_availability":"instock","product_availability":"instock","product_retailer_item_id":"NOVE042","product_condition":"new"},"_links":{"self":[{"href":"https:\/\/farmaon4.apptirana.al\/en\/wp-json\/wp\/v2\/product\/572825","targetHints":{"allow":["GET"]}}],"collection":[{"href":"https:\/\/farmaon4.apptirana.al\/en\/wp-json\/wp\/v2\/product"}],"about":[{"href":"https:\/\/farmaon4.apptirana.al\/en\/wp-json\/wp\/v2\/types\/product"}],"version-history":[{"count":0,"href":"https:\/\/farmaon4.apptirana.al\/en\/wp-json\/wp\/v2\/product\/572825\/revisions"}],"wp:featuredmedia":[{"embeddable":true,"href":"https:\/\/farmaon4.apptirana.al\/en\/wp-json\/wp\/v2\/media\/572821"}],"wp:attachment":[{"href":"https:\/\/farmaon4.apptirana.al\/en\/wp-json\/wp\/v2\/media?parent=572825"}],"wp:term":[{"taxonomy":"product_brand","embeddable":true,"href":"https:\/\/farmaon4.apptirana.al\/en\/wp-json\/wp\/v2\/product_brand?post=572825"},{"taxonomy":"product_cat","embeddable":true,"href":"https:\/\/farmaon4.apptirana.al\/en\/wp-json\/wp\/v2\/product_cat?post=572825"},{"taxonomy":"product_tag","embeddable":true,"href":"https:\/\/farmaon4.apptirana.al\/en\/wp-json\/wp\/v2\/product_tag?post=572825"},{"taxonomy":"giftcard-category","embeddable":true,"href":"https:\/\/farmaon4.apptirana.al\/en\/wp-json\/wp\/v2\/giftcard-category?post=572825"}],"curies":[{"name":"wp","href":"https:\/\/api.w.org\/{rel}","templated":true}]}}