{"id":646343,"date":"2026-01-09T12:11:34","date_gmt":"2026-01-09T11:11:34","guid":{"rendered":"https:\/\/farmaon4.apptirana.al\/produkt\/caudalie-premier-cru-la-creme-riche-recharge\/"},"modified":"2026-05-06T17:06:41","modified_gmt":"2026-05-06T16:06:41","slug":"caudalie-premier-cru-la-creme-riche-recharge","status":"publish","type":"product","link":"https:\/\/farmaon4.apptirana.al\/en\/produkt\/caudalie-premier-cru-la-creme-riche-recharge\/","title":{"rendered":"Caudalie Premier Cru La Cr\u00e8me Riche Recharge"},"content":{"rendered":"<p>Krem antirrudh\u00eb shum\u00eb ushqyes, i formuluar fal\u00eb teknologjis\u00eb s\u00eb patentuar TET8\u2122 .<br \/>\nKjo teknologji korrigjon 8 shenjat e mosh\u00ebs:<\/p>\n<p>rrudhat rreth syve, qeskat e syve, vijat rreth buz\u00ebve, vija e holla, rrath\u00ebt e err\u00ebt, ushqyerjen, hidratimin, shk\u00eblqimin.<br \/>\nTekstura e tij e plot\u00eb, e pasuruar me bio-ceramide ofron hidratim p\u00ebr l\u00ebkur\u00ebn e that\u00eb dhe m\u00eb t\u00eb ndjeshme.<br \/>\nAcidi hialuronik:<\/p>\n<p>100% me origjin\u00eb natyrale dhe i prodhuar nga bioteknologjia, zbut dhe hidraton sip\u00ebrfaqen e l\u00ebkur\u00ebs.<br \/>\nViniferina:<\/p>\n<p>Nj\u00eb p\u00ebrb\u00ebr\u00ebs i patentuar i Caudalie i cili ofron nj\u00eb veprim korrigjues t\u00eb njollave t\u00eb err\u00ebta, 62 her\u00eb m\u00eb t\u00eb fuqish\u00ebm se vitamina C.<br \/>\nTeknologjia e patentuar TET8\u2122 (Caudalie x Shkolla e Mjeks\u00ebsis\u00eb s\u00eb Harvard):<\/p>\n<p>10 vjet k\u00ebrkime s\u00ebbashku me Universitetin e Harvard ishin t\u00eb nevojshme p\u00ebr t\u00eb patentuar k\u00ebt\u00eb teknologji revolucionare, duke kombinuar resveratrolin me Honokiol (ekstrakt i gjelb\u00ebr i Magnolia).<br \/>\nNxit aktivitetin e enzim\u00ebs TET dhe vepron n\u00eb proteina duke korrigjuar 8 shenjat e mosh\u00ebs.<\/p>\n<p>&nbsp;<\/p>\n<p>Paketim rimbush\u00ebs dhe i ricikluesh\u00ebm.<\/p>\n<p>97% p\u00ebrb\u00ebr\u00ebs me origjin\u00eb natyrale.<br \/>\nJo komedogjenik.<br \/>\nI testuar dermatologjikisht.<br \/>\nProdukt vegan.<br \/>\nArom\u00eb 100% me origjin\u00eb natyrale<\/p>\n","protected":false},"excerpt":{"rendered":"<p>Krem shum\u00eb hidratues p\u00ebr fytyr\u00ebn i cili vepron n\u00eb 8 shenjat e mosh\u00ebs.<\/p>\n<p>Paketim rimbush\u00ebs. 50 ml.<\/p>\n","protected":false},"featured_media":643618,"template":"","meta":{"_acf_changed":false},"product_brand":[],"product_cat":[49981,50161,50044,55668],"product_tag":[57893,50627,58017,57874,55395,58016],"giftcard-category":[],"class_list":{"0":"post-646343","1":"product","2":"type-product","3":"status-publish","4":"has-post-thumbnail","6":"product_cat-anti-age-dhe-anti-rrudhe-english","7":"product_cat-markat-english","8":"product_cat-dermokozmetike-english","9":"product_cat-face-dermokozmetike-english","10":"product_tag-anti-age-en","11":"product_tag-anti-rrudhe-en","12":"product_tag-cashback","13":"product_tag-fytyra-en","14":"product_tag-hydrating-en","15":"product_tag-offers","17":"first","18":"instock","19":"sale","20":"taxable","21":"shipping-taxable","22":"purchasable","23":"product-type-simple"},"bundled_by":[],"bundle_stock_status":"instock","bundle_stock_quantity":7,"bundle_virtual":false,"bundle_layout":"","bundle_add_to_cart_form_location":"","bundle_editable_in_cart":false,"bundle_sold_individually_context":"","bundle_item_grouping":"","bundle_min_size":"","bundle_max_size":"","bundle_price":[],"bundled_items":[],"bundle_sell_ids":[],"acf":[],"yoast_head":"<!-- This site is optimized with the Yoast SEO Premium plugin v23.0 (Yoast SEO v26.0) - https:\/\/yoast.com\/wordpress\/plugins\/seo\/ -->\n<title>Caudalie Premier Cru La Cr\u00e8me Riche Recharge - Farmaon<\/title>\n<meta name=\"robots\" content=\"index, follow, max-snippet:-1, max-image-preview:large, max-video-preview:-1\" \/>\n<link rel=\"canonical\" href=\"https:\/\/farmaon4.apptirana.al\/en\/produkt\/caudalie-premier-cru-la-creme-riche-recharge\/\" \/>\n<meta property=\"og:locale\" content=\"en_US\" \/>\n<meta property=\"og:type\" content=\"article\" \/>\n<meta property=\"og:title\" content=\"Caudalie Premier Cru La Cr\u00e8me Riche Recharge\" \/>\n<meta property=\"og:description\" content=\"Krem shum\u00eb hidratues p\u00ebr fytyr\u00ebn i cili vepron n\u00eb 8 shenjat e mosh\u00ebs.  Paketim rimbush\u00ebs. 50 ml.\" \/>\n<meta property=\"og:url\" content=\"https:\/\/farmaon4.apptirana.al\/en\/produkt\/caudalie-premier-cru-la-creme-riche-recharge\/\" \/>\n<meta property=\"og:site_name\" content=\"Farmaon\" \/>\n<meta property=\"article:modified_time\" content=\"2026-05-06T16:06:41+00:00\" \/>\n<meta name=\"twitter:card\" content=\"summary_large_image\" \/>\n<meta name=\"twitter:label1\" content=\"Price\" \/>\n\t<meta name=\"twitter:data1\" content=\"6300&nbsp;L\" \/>\n\t<meta name=\"twitter:label2\" content=\"Availability\" \/>\n\t<meta name=\"twitter:data2\" content=\"In stock\" \/>\n<script type=\"application\/ld+json\" class=\"yoast-schema-graph\">{\"@context\":\"https:\/\/schema.org\",\"@graph\":[{\"@type\":\"WebPage\",\"@id\":\"https:\/\/farmaon4.apptirana.al\/en\/produkt\/caudalie-premier-cru-la-creme-riche-recharge\/\",\"url\":\"https:\/\/farmaon4.apptirana.al\/en\/produkt\/caudalie-premier-cru-la-creme-riche-recharge\/\",\"name\":\"Caudalie Premier Cru La Cr\u00e8me Riche Recharge - Farmaon\",\"isPartOf\":{\"@id\":\"https:\/\/farmaon4.apptirana.al\/#website\"},\"primaryImageOfPage\":{\"@id\":\"https:\/\/farmaon4.apptirana.al\/en\/produkt\/caudalie-premier-cru-la-creme-riche-recharge\/#primaryimage\"},\"image\":{\"@id\":\"https:\/\/farmaon4.apptirana.al\/en\/produkt\/caudalie-premier-cru-la-creme-riche-recharge\/#primaryimage\"},\"thumbnailUrl\":\"https:\/\/farmaon4.apptirana.al\/wp-content\/uploads\/2026\/01\/premier-cru-recharge-cauldaie.jpg\",\"datePublished\":\"2026-01-09T11:11:34+00:00\",\"dateModified\":\"2026-05-06T16:06:41+00:00\",\"breadcrumb\":{\"@id\":\"https:\/\/farmaon4.apptirana.al\/en\/produkt\/caudalie-premier-cru-la-creme-riche-recharge\/#breadcrumb\"},\"inLanguage\":\"en-US\",\"potentialAction\":[{\"@type\":\"ReadAction\",\"target\":[\"https:\/\/farmaon4.apptirana.al\/en\/produkt\/caudalie-premier-cru-la-creme-riche-recharge\/\"]}]},{\"@type\":\"ImageObject\",\"inLanguage\":\"en-US\",\"@id\":\"https:\/\/farmaon4.apptirana.al\/en\/produkt\/caudalie-premier-cru-la-creme-riche-recharge\/#primaryimage\",\"url\":\"https:\/\/farmaon4.apptirana.al\/wp-content\/uploads\/2026\/01\/premier-cru-recharge-cauldaie.jpg\",\"contentUrl\":\"https:\/\/farmaon4.apptirana.al\/wp-content\/uploads\/2026\/01\/premier-cru-recharge-cauldaie.jpg\",\"width\":1750,\"height\":1750},{\"@type\":\"BreadcrumbList\",\"@id\":\"https:\/\/farmaon4.apptirana.al\/en\/produkt\/caudalie-premier-cru-la-creme-riche-recharge\/#breadcrumb\",\"itemListElement\":[{\"@type\":\"ListItem\",\"position\":1,\"name\":\"Home\",\"item\":\"https:\/\/farmaon4.apptirana.al\/en\/\"},{\"@type\":\"ListItem\",\"position\":2,\"name\":\"Shop\",\"item\":\"https:\/\/farmaon4.apptirana.al\/en\/shop-3\/\"},{\"@type\":\"ListItem\",\"position\":3,\"name\":\"Caudalie Premier Cru La Cr\u00e8me Riche Recharge\"}]},{\"@type\":\"WebSite\",\"@id\":\"https:\/\/farmaon4.apptirana.al\/#website\",\"url\":\"https:\/\/farmaon4.apptirana.al\/\",\"name\":\"Farmaon\",\"description\":\"Farmacia Juaj Online!\",\"publisher\":{\"@id\":\"https:\/\/farmaon4.apptirana.al\/#organization\"},\"potentialAction\":[{\"@type\":\"SearchAction\",\"target\":{\"@type\":\"EntryPoint\",\"urlTemplate\":\"https:\/\/farmaon4.apptirana.al\/?s={search_term_string}\"},\"query-input\":{\"@type\":\"PropertyValueSpecification\",\"valueRequired\":true,\"valueName\":\"search_term_string\"}}],\"inLanguage\":\"en-US\"},{\"@type\":\"Organization\",\"@id\":\"https:\/\/farmaon4.apptirana.al\/#organization\",\"name\":\"Farmaon\",\"url\":\"https:\/\/farmaon4.apptirana.al\/\",\"logo\":{\"@type\":\"ImageObject\",\"inLanguage\":\"en-US\",\"@id\":\"https:\/\/farmaon4.apptirana.al\/#\/schema\/logo\/image\/\",\"url\":\"https:\/\/farmaon4.apptirana.al\/wp-content\/uploads\/2024\/08\/7f987514-logo-farmaon.png\",\"contentUrl\":\"https:\/\/farmaon4.apptirana.al\/wp-content\/uploads\/2024\/08\/7f987514-logo-farmaon.png\",\"width\":219,\"height\":53,\"caption\":\"Farmaon\"},\"image\":{\"@id\":\"https:\/\/farmaon4.apptirana.al\/#\/schema\/logo\/image\/\"}}]}<\/script>\n<meta property=\"product:price:amount\" content=\"6300\" \/>\n<meta property=\"product:price:currency\" content=\"ALL\" \/>\n<meta property=\"og:availability\" content=\"instock\" \/>\n<meta property=\"product:availability\" content=\"instock\" \/>\n<meta property=\"product:retailer_item_id\" content=\"CAUD160\" \/>\n<meta property=\"product:condition\" content=\"new\" \/>\n<!-- \/ Yoast SEO Premium plugin. -->","yoast_head_json":{"title":"Caudalie Premier Cru La Cr\u00e8me Riche Recharge - Farmaon","robots":{"index":"index","follow":"follow","max-snippet":"max-snippet:-1","max-image-preview":"max-image-preview:large","max-video-preview":"max-video-preview:-1"},"canonical":"https:\/\/farmaon4.apptirana.al\/en\/produkt\/caudalie-premier-cru-la-creme-riche-recharge\/","og_locale":"en_US","og_type":"article","og_title":"Caudalie Premier Cru La Cr\u00e8me Riche Recharge","og_description":"Krem shum\u00eb hidratues p\u00ebr fytyr\u00ebn i cili vepron n\u00eb 8 shenjat e mosh\u00ebs.  Paketim rimbush\u00ebs. 50 ml.","og_url":"https:\/\/farmaon4.apptirana.al\/en\/produkt\/caudalie-premier-cru-la-creme-riche-recharge\/","og_site_name":"Farmaon","article_modified_time":"2026-05-06T16:06:41+00:00","twitter_card":"summary_large_image","twitter_misc":{"Price":"6300&nbsp;L","Availability":"In stock"},"schema":{"@context":"https:\/\/schema.org","@graph":[{"@type":"WebPage","@id":"https:\/\/farmaon4.apptirana.al\/en\/produkt\/caudalie-premier-cru-la-creme-riche-recharge\/","url":"https:\/\/farmaon4.apptirana.al\/en\/produkt\/caudalie-premier-cru-la-creme-riche-recharge\/","name":"Caudalie Premier Cru La Cr\u00e8me Riche Recharge - Farmaon","isPartOf":{"@id":"https:\/\/farmaon4.apptirana.al\/#website"},"primaryImageOfPage":{"@id":"https:\/\/farmaon4.apptirana.al\/en\/produkt\/caudalie-premier-cru-la-creme-riche-recharge\/#primaryimage"},"image":{"@id":"https:\/\/farmaon4.apptirana.al\/en\/produkt\/caudalie-premier-cru-la-creme-riche-recharge\/#primaryimage"},"thumbnailUrl":"https:\/\/farmaon4.apptirana.al\/wp-content\/uploads\/2026\/01\/premier-cru-recharge-cauldaie.jpg","datePublished":"2026-01-09T11:11:34+00:00","dateModified":"2026-05-06T16:06:41+00:00","breadcrumb":{"@id":"https:\/\/farmaon4.apptirana.al\/en\/produkt\/caudalie-premier-cru-la-creme-riche-recharge\/#breadcrumb"},"inLanguage":"en-US","potentialAction":[{"@type":"ReadAction","target":["https:\/\/farmaon4.apptirana.al\/en\/produkt\/caudalie-premier-cru-la-creme-riche-recharge\/"]}]},{"@type":"ImageObject","inLanguage":"en-US","@id":"https:\/\/farmaon4.apptirana.al\/en\/produkt\/caudalie-premier-cru-la-creme-riche-recharge\/#primaryimage","url":"https:\/\/farmaon4.apptirana.al\/wp-content\/uploads\/2026\/01\/premier-cru-recharge-cauldaie.jpg","contentUrl":"https:\/\/farmaon4.apptirana.al\/wp-content\/uploads\/2026\/01\/premier-cru-recharge-cauldaie.jpg","width":1750,"height":1750},{"@type":"BreadcrumbList","@id":"https:\/\/farmaon4.apptirana.al\/en\/produkt\/caudalie-premier-cru-la-creme-riche-recharge\/#breadcrumb","itemListElement":[{"@type":"ListItem","position":1,"name":"Home","item":"https:\/\/farmaon4.apptirana.al\/en\/"},{"@type":"ListItem","position":2,"name":"Shop","item":"https:\/\/farmaon4.apptirana.al\/en\/shop-3\/"},{"@type":"ListItem","position":3,"name":"Caudalie Premier Cru La Cr\u00e8me Riche Recharge"}]},{"@type":"WebSite","@id":"https:\/\/farmaon4.apptirana.al\/#website","url":"https:\/\/farmaon4.apptirana.al\/","name":"Farmaon","description":"Farmacia Juaj Online!","publisher":{"@id":"https:\/\/farmaon4.apptirana.al\/#organization"},"potentialAction":[{"@type":"SearchAction","target":{"@type":"EntryPoint","urlTemplate":"https:\/\/farmaon4.apptirana.al\/?s={search_term_string}"},"query-input":{"@type":"PropertyValueSpecification","valueRequired":true,"valueName":"search_term_string"}}],"inLanguage":"en-US"},{"@type":"Organization","@id":"https:\/\/farmaon4.apptirana.al\/#organization","name":"Farmaon","url":"https:\/\/farmaon4.apptirana.al\/","logo":{"@type":"ImageObject","inLanguage":"en-US","@id":"https:\/\/farmaon4.apptirana.al\/#\/schema\/logo\/image\/","url":"https:\/\/farmaon4.apptirana.al\/wp-content\/uploads\/2024\/08\/7f987514-logo-farmaon.png","contentUrl":"https:\/\/farmaon4.apptirana.al\/wp-content\/uploads\/2024\/08\/7f987514-logo-farmaon.png","width":219,"height":53,"caption":"Farmaon"},"image":{"@id":"https:\/\/farmaon4.apptirana.al\/#\/schema\/logo\/image\/"}}]},"product_price_amount":"6300","product_price_currency":"ALL","og_availability":"instock","product_availability":"instock","product_retailer_item_id":"CAUD160","product_condition":"new"},"_links":{"self":[{"href":"https:\/\/farmaon4.apptirana.al\/en\/wp-json\/wp\/v2\/product\/646343","targetHints":{"allow":["GET"]}}],"collection":[{"href":"https:\/\/farmaon4.apptirana.al\/en\/wp-json\/wp\/v2\/product"}],"about":[{"href":"https:\/\/farmaon4.apptirana.al\/en\/wp-json\/wp\/v2\/types\/product"}],"version-history":[{"count":0,"href":"https:\/\/farmaon4.apptirana.al\/en\/wp-json\/wp\/v2\/product\/646343\/revisions"}],"wp:featuredmedia":[{"embeddable":true,"href":"https:\/\/farmaon4.apptirana.al\/en\/wp-json\/wp\/v2\/media\/643618"}],"wp:attachment":[{"href":"https:\/\/farmaon4.apptirana.al\/en\/wp-json\/wp\/v2\/media?parent=646343"}],"wp:term":[{"taxonomy":"product_brand","embeddable":true,"href":"https:\/\/farmaon4.apptirana.al\/en\/wp-json\/wp\/v2\/product_brand?post=646343"},{"taxonomy":"product_cat","embeddable":true,"href":"https:\/\/farmaon4.apptirana.al\/en\/wp-json\/wp\/v2\/product_cat?post=646343"},{"taxonomy":"product_tag","embeddable":true,"href":"https:\/\/farmaon4.apptirana.al\/en\/wp-json\/wp\/v2\/product_tag?post=646343"},{"taxonomy":"giftcard-category","embeddable":true,"href":"https:\/\/farmaon4.apptirana.al\/en\/wp-json\/wp\/v2\/giftcard-category?post=646343"}],"curies":[{"name":"wp","href":"https:\/\/api.w.org\/{rel}","templated":true}]}}