{"id":646776,"date":"2026-04-08T13:05:40","date_gmt":"2026-04-08T12:05:40","guid":{"rendered":"https:\/\/farmaon4.apptirana.al\/produkt\/cerave-invisible-hydrating-sunscreen-for-body-face-spf-50-177-ml\/"},"modified":"2026-04-08T13:05:43","modified_gmt":"2026-04-08T12:05:43","slug":"cerave-invisible-hydrating-sunscreen-for-body-face-spf-50-177-ml","status":"publish","type":"product","link":"https:\/\/farmaon4.apptirana.al\/en\/produkt\/cerave-invisible-hydrating-sunscreen-for-body-face-spf-50-177-ml\/","title":{"rendered":"Cerave Invisible Hydrating Sunscreen For Body &#038; Face SPF 50+ 177 ml\n17!Lightweight mineral sunscreen for face and body with broad-spectrum SPF 50+ and a more transparent finish. Size: 177 ml."},"content":{"rendered":"<p>CeraVe Invisible Hydrating Sunscreen SPF 50+ is a lightweight mineral sunscreen designed to blend more seamlessly across a wide range of skin tones. Made for both face and body, it helps protect skin from UVA\/UVB exposure while providing a comfortable, hydrating feel.<\/p>\n<p>SPF 50+ broad-spectrum UVA\/UVB protection<br \/>\nMineral UV filters: titanium dioxide &#038; zinc oxide<br \/>\nSupports the skin barrier with 3 essential ceramides<br \/>\nNiacinamide to help calm the feel of skin<br \/>\nGlycerin and panthenol for added hydration and comfort<br \/>\nMore invisible-looking finish with a weightless feel<\/p>\n<p>Suitability: Suitable for a wide range of skin types, including sensitive and acne-prone skin.<\/p>\n<p>Cautions: For external use only. Avoid contact with eyes. Stop use if irritation occurs. Over-exposure to the sun is a serious health threat\u2014use sunscreen along with other protective measures (shade, protective clothing).<\/p>\n","protected":false},"excerpt":{"rendered":"<p>Krem dielli hidratues dhe \u201ci paduksh\u00ebm\u201d p\u00ebr fytyr\u00eb dhe trup me SPF 50+, p\u00ebr p\u00ebrdorim t\u00eb p\u00ebrditsh\u00ebm. Madh\u00ebsia: 177 ml.<\/p>\n","protected":false},"featured_media":646774,"template":"","meta":{"_acf_changed":false},"product_brand":[],"product_cat":[50335,50161,55585,50044,50089,50173],"product_tag":[],"giftcard-category":[],"class_list":{"0":"post-646776","1":"product","2":"type-product","3":"status-publish","4":"has-post-thumbnail","6":"product_cat-body-mbrojtje-nga-dielli-english","7":"product_cat-markat-english","8":"product_cat-cerave","9":"product_cat-dermokozmetike-english","10":"product_cat-face-lips","11":"product_cat-mbrojtje-nga-dielli-english","13":"first","14":"instock","15":"taxable","16":"shipping-taxable","17":"product-type-simple"},"bundled_by":[],"bundle_stock_status":"instock","bundle_stock_quantity":null,"bundle_virtual":false,"bundle_layout":"","bundle_add_to_cart_form_location":"","bundle_editable_in_cart":false,"bundle_sold_individually_context":"","bundle_item_grouping":"","bundle_min_size":"","bundle_max_size":"","bundle_price":[],"bundled_items":[],"bundle_sell_ids":[],"acf":[],"yoast_head":"<!-- This site is optimized with the Yoast SEO Premium plugin v23.0 (Yoast SEO v26.0) - https:\/\/yoast.com\/wordpress\/plugins\/seo\/ -->\n<title>Cerave Invisible Hydrating Sunscreen For Body &amp; Face SPF 50+ 177 ml 17!Lightweight mineral sunscreen for face and body with broad-spectrum SPF 50+ and a more transparent finish. Size: 177 ml. - Farmaon<\/title>\n<meta name=\"robots\" content=\"index, follow, max-snippet:-1, max-image-preview:large, max-video-preview:-1\" \/>\n<link rel=\"canonical\" href=\"https:\/\/farmaon4.apptirana.al\/en\/produkt\/cerave-invisible-hydrating-sunscreen-for-body-face-spf-50-177-ml\/\" \/>\n<meta property=\"og:locale\" content=\"en_US\" \/>\n<meta property=\"og:type\" content=\"article\" \/>\n<meta property=\"og:title\" content=\"Cerave Invisible Hydrating Sunscreen For Body &amp; Face SPF 50+ 177 ml 17!Lightweight mineral sunscreen for face and body with broad-spectrum SPF 50+ and a more transparent finish. Size: 177 ml.\" \/>\n<meta property=\"og:description\" content=\"Krem dielli hidratues dhe \u201ci paduksh\u00ebm\u201d p\u00ebr fytyr\u00eb dhe trup me SPF 50+, p\u00ebr p\u00ebrdorim t\u00eb p\u00ebrditsh\u00ebm. Madh\u00ebsia: 177 ml.\" \/>\n<meta property=\"og:url\" content=\"https:\/\/farmaon4.apptirana.al\/en\/produkt\/cerave-invisible-hydrating-sunscreen-for-body-face-spf-50-177-ml\/\" \/>\n<meta property=\"og:site_name\" content=\"Farmaon\" \/>\n<meta property=\"article:modified_time\" content=\"2026-04-08T12:05:43+00:00\" \/>\n<meta property=\"og:image\" content=\"https:\/\/farmaon4.apptirana.al\/wp-content\/uploads\/2026\/04\/bilanc_646773_1775649941.jpg\" \/>\n\t<meta property=\"og:image:width\" content=\"500\" \/>\n\t<meta property=\"og:image:height\" content=\"500\" \/>\n\t<meta property=\"og:image:type\" content=\"image\/jpeg\" \/>\n<meta name=\"twitter:card\" content=\"summary_large_image\" \/>\n<meta name=\"twitter:label1\" content=\"Price\" \/>\n\t<meta name=\"twitter:data1\" content=\"\" \/>\n\t<meta name=\"twitter:label2\" content=\"Availability\" \/>\n\t<meta name=\"twitter:data2\" content=\"In stock\" \/>\n<script type=\"application\/ld+json\" class=\"yoast-schema-graph\">{\"@context\":\"https:\/\/schema.org\",\"@graph\":[{\"@type\":\"WebPage\",\"@id\":\"https:\/\/farmaon4.apptirana.al\/en\/produkt\/cerave-invisible-hydrating-sunscreen-for-body-face-spf-50-177-ml\/\",\"url\":\"https:\/\/farmaon4.apptirana.al\/en\/produkt\/cerave-invisible-hydrating-sunscreen-for-body-face-spf-50-177-ml\/\",\"name\":\"Cerave Invisible Hydrating Sunscreen For Body & Face SPF 50+ 177 ml 17!Lightweight mineral sunscreen for face and body with broad-spectrum SPF 50+ and a more transparent finish. Size: 177 ml. - Farmaon\",\"isPartOf\":{\"@id\":\"https:\/\/farmaon4.apptirana.al\/#website\"},\"primaryImageOfPage\":{\"@id\":\"https:\/\/farmaon4.apptirana.al\/en\/produkt\/cerave-invisible-hydrating-sunscreen-for-body-face-spf-50-177-ml\/#primaryimage\"},\"image\":{\"@id\":\"https:\/\/farmaon4.apptirana.al\/en\/produkt\/cerave-invisible-hydrating-sunscreen-for-body-face-spf-50-177-ml\/#primaryimage\"},\"thumbnailUrl\":\"https:\/\/farmaon4.apptirana.al\/wp-content\/uploads\/2026\/04\/bilanc_646773_1775649941.jpg\",\"datePublished\":\"2026-04-08T12:05:40+00:00\",\"dateModified\":\"2026-04-08T12:05:43+00:00\",\"breadcrumb\":{\"@id\":\"https:\/\/farmaon4.apptirana.al\/en\/produkt\/cerave-invisible-hydrating-sunscreen-for-body-face-spf-50-177-ml\/#breadcrumb\"},\"inLanguage\":\"en-US\",\"potentialAction\":[{\"@type\":\"ReadAction\",\"target\":[\"https:\/\/farmaon4.apptirana.al\/en\/produkt\/cerave-invisible-hydrating-sunscreen-for-body-face-spf-50-177-ml\/\"]}]},{\"@type\":\"ImageObject\",\"inLanguage\":\"en-US\",\"@id\":\"https:\/\/farmaon4.apptirana.al\/en\/produkt\/cerave-invisible-hydrating-sunscreen-for-body-face-spf-50-177-ml\/#primaryimage\",\"url\":\"https:\/\/farmaon4.apptirana.al\/wp-content\/uploads\/2026\/04\/bilanc_646773_1775649941.jpg\",\"contentUrl\":\"https:\/\/farmaon4.apptirana.al\/wp-content\/uploads\/2026\/04\/bilanc_646773_1775649941.jpg\",\"width\":500,\"height\":500},{\"@type\":\"BreadcrumbList\",\"@id\":\"https:\/\/farmaon4.apptirana.al\/en\/produkt\/cerave-invisible-hydrating-sunscreen-for-body-face-spf-50-177-ml\/#breadcrumb\",\"itemListElement\":[{\"@type\":\"ListItem\",\"position\":1,\"name\":\"Home\",\"item\":\"https:\/\/farmaon4.apptirana.al\/en\/\"},{\"@type\":\"ListItem\",\"position\":2,\"name\":\"Shop\",\"item\":\"https:\/\/farmaon4.apptirana.al\/en\/shop-3\/\"},{\"@type\":\"ListItem\",\"position\":3,\"name\":\"Cerave Invisible Hydrating Sunscreen For Body &#038; Face SPF 50+ 177 ml 17!Lightweight mineral sunscreen for face and body with broad-spectrum SPF 50+ and a more transparent finish. Size: 177 ml.\"}]},{\"@type\":\"WebSite\",\"@id\":\"https:\/\/farmaon4.apptirana.al\/#website\",\"url\":\"https:\/\/farmaon4.apptirana.al\/\",\"name\":\"Farmaon\",\"description\":\"Farmacia Juaj Online!\",\"publisher\":{\"@id\":\"https:\/\/farmaon4.apptirana.al\/#organization\"},\"potentialAction\":[{\"@type\":\"SearchAction\",\"target\":{\"@type\":\"EntryPoint\",\"urlTemplate\":\"https:\/\/farmaon4.apptirana.al\/?s={search_term_string}\"},\"query-input\":{\"@type\":\"PropertyValueSpecification\",\"valueRequired\":true,\"valueName\":\"search_term_string\"}}],\"inLanguage\":\"en-US\"},{\"@type\":\"Organization\",\"@id\":\"https:\/\/farmaon4.apptirana.al\/#organization\",\"name\":\"Farmaon\",\"url\":\"https:\/\/farmaon4.apptirana.al\/\",\"logo\":{\"@type\":\"ImageObject\",\"inLanguage\":\"en-US\",\"@id\":\"https:\/\/farmaon4.apptirana.al\/#\/schema\/logo\/image\/\",\"url\":\"https:\/\/farmaon4.apptirana.al\/wp-content\/uploads\/2024\/08\/7f987514-logo-farmaon.png\",\"contentUrl\":\"https:\/\/farmaon4.apptirana.al\/wp-content\/uploads\/2024\/08\/7f987514-logo-farmaon.png\",\"width\":219,\"height\":53,\"caption\":\"Farmaon\"},\"image\":{\"@id\":\"https:\/\/farmaon4.apptirana.al\/#\/schema\/logo\/image\/\"}}]}<\/script>\n<meta property=\"product:price:currency\" content=\"ALL\" \/>\n<meta property=\"og:availability\" content=\"instock\" \/>\n<meta property=\"product:availability\" content=\"instock\" \/>\n<meta property=\"product:retailer_item_id\" content=\"CER058\" \/>\n<meta property=\"product:condition\" content=\"new\" \/>\n<!-- \/ Yoast SEO Premium plugin. -->","yoast_head_json":{"title":"Cerave Invisible Hydrating Sunscreen For Body & Face SPF 50+ 177 ml 17!Lightweight mineral sunscreen for face and body with broad-spectrum SPF 50+ and a more transparent finish. Size: 177 ml. - Farmaon","robots":{"index":"index","follow":"follow","max-snippet":"max-snippet:-1","max-image-preview":"max-image-preview:large","max-video-preview":"max-video-preview:-1"},"canonical":"https:\/\/farmaon4.apptirana.al\/en\/produkt\/cerave-invisible-hydrating-sunscreen-for-body-face-spf-50-177-ml\/","og_locale":"en_US","og_type":"article","og_title":"Cerave Invisible Hydrating Sunscreen For Body & Face SPF 50+ 177 ml 17!Lightweight mineral sunscreen for face and body with broad-spectrum SPF 50+ and a more transparent finish. Size: 177 ml.","og_description":"Krem dielli hidratues dhe \u201ci paduksh\u00ebm\u201d p\u00ebr fytyr\u00eb dhe trup me SPF 50+, p\u00ebr p\u00ebrdorim t\u00eb p\u00ebrditsh\u00ebm. Madh\u00ebsia: 177 ml.","og_url":"https:\/\/farmaon4.apptirana.al\/en\/produkt\/cerave-invisible-hydrating-sunscreen-for-body-face-spf-50-177-ml\/","og_site_name":"Farmaon","article_modified_time":"2026-04-08T12:05:43+00:00","og_image":[{"width":500,"height":500,"url":"https:\/\/farmaon4.apptirana.al\/wp-content\/uploads\/2026\/04\/bilanc_646773_1775649941.jpg","type":"image\/jpeg"}],"twitter_card":"summary_large_image","twitter_misc":{"Price":"","Availability":"In stock"},"schema":{"@context":"https:\/\/schema.org","@graph":[{"@type":"WebPage","@id":"https:\/\/farmaon4.apptirana.al\/en\/produkt\/cerave-invisible-hydrating-sunscreen-for-body-face-spf-50-177-ml\/","url":"https:\/\/farmaon4.apptirana.al\/en\/produkt\/cerave-invisible-hydrating-sunscreen-for-body-face-spf-50-177-ml\/","name":"Cerave Invisible Hydrating Sunscreen For Body & Face SPF 50+ 177 ml 17!Lightweight mineral sunscreen for face and body with broad-spectrum SPF 50+ and a more transparent finish. Size: 177 ml. - Farmaon","isPartOf":{"@id":"https:\/\/farmaon4.apptirana.al\/#website"},"primaryImageOfPage":{"@id":"https:\/\/farmaon4.apptirana.al\/en\/produkt\/cerave-invisible-hydrating-sunscreen-for-body-face-spf-50-177-ml\/#primaryimage"},"image":{"@id":"https:\/\/farmaon4.apptirana.al\/en\/produkt\/cerave-invisible-hydrating-sunscreen-for-body-face-spf-50-177-ml\/#primaryimage"},"thumbnailUrl":"https:\/\/farmaon4.apptirana.al\/wp-content\/uploads\/2026\/04\/bilanc_646773_1775649941.jpg","datePublished":"2026-04-08T12:05:40+00:00","dateModified":"2026-04-08T12:05:43+00:00","breadcrumb":{"@id":"https:\/\/farmaon4.apptirana.al\/en\/produkt\/cerave-invisible-hydrating-sunscreen-for-body-face-spf-50-177-ml\/#breadcrumb"},"inLanguage":"en-US","potentialAction":[{"@type":"ReadAction","target":["https:\/\/farmaon4.apptirana.al\/en\/produkt\/cerave-invisible-hydrating-sunscreen-for-body-face-spf-50-177-ml\/"]}]},{"@type":"ImageObject","inLanguage":"en-US","@id":"https:\/\/farmaon4.apptirana.al\/en\/produkt\/cerave-invisible-hydrating-sunscreen-for-body-face-spf-50-177-ml\/#primaryimage","url":"https:\/\/farmaon4.apptirana.al\/wp-content\/uploads\/2026\/04\/bilanc_646773_1775649941.jpg","contentUrl":"https:\/\/farmaon4.apptirana.al\/wp-content\/uploads\/2026\/04\/bilanc_646773_1775649941.jpg","width":500,"height":500},{"@type":"BreadcrumbList","@id":"https:\/\/farmaon4.apptirana.al\/en\/produkt\/cerave-invisible-hydrating-sunscreen-for-body-face-spf-50-177-ml\/#breadcrumb","itemListElement":[{"@type":"ListItem","position":1,"name":"Home","item":"https:\/\/farmaon4.apptirana.al\/en\/"},{"@type":"ListItem","position":2,"name":"Shop","item":"https:\/\/farmaon4.apptirana.al\/en\/shop-3\/"},{"@type":"ListItem","position":3,"name":"Cerave Invisible Hydrating Sunscreen For Body &#038; Face SPF 50+ 177 ml 17!Lightweight mineral sunscreen for face and body with broad-spectrum SPF 50+ and a more transparent finish. Size: 177 ml."}]},{"@type":"WebSite","@id":"https:\/\/farmaon4.apptirana.al\/#website","url":"https:\/\/farmaon4.apptirana.al\/","name":"Farmaon","description":"Farmacia Juaj Online!","publisher":{"@id":"https:\/\/farmaon4.apptirana.al\/#organization"},"potentialAction":[{"@type":"SearchAction","target":{"@type":"EntryPoint","urlTemplate":"https:\/\/farmaon4.apptirana.al\/?s={search_term_string}"},"query-input":{"@type":"PropertyValueSpecification","valueRequired":true,"valueName":"search_term_string"}}],"inLanguage":"en-US"},{"@type":"Organization","@id":"https:\/\/farmaon4.apptirana.al\/#organization","name":"Farmaon","url":"https:\/\/farmaon4.apptirana.al\/","logo":{"@type":"ImageObject","inLanguage":"en-US","@id":"https:\/\/farmaon4.apptirana.al\/#\/schema\/logo\/image\/","url":"https:\/\/farmaon4.apptirana.al\/wp-content\/uploads\/2024\/08\/7f987514-logo-farmaon.png","contentUrl":"https:\/\/farmaon4.apptirana.al\/wp-content\/uploads\/2024\/08\/7f987514-logo-farmaon.png","width":219,"height":53,"caption":"Farmaon"},"image":{"@id":"https:\/\/farmaon4.apptirana.al\/#\/schema\/logo\/image\/"}}]},"product_price_currency":"ALL","og_availability":"instock","product_availability":"instock","product_retailer_item_id":"CER058","product_condition":"new"},"_links":{"self":[{"href":"https:\/\/farmaon4.apptirana.al\/en\/wp-json\/wp\/v2\/product\/646776","targetHints":{"allow":["GET"]}}],"collection":[{"href":"https:\/\/farmaon4.apptirana.al\/en\/wp-json\/wp\/v2\/product"}],"about":[{"href":"https:\/\/farmaon4.apptirana.al\/en\/wp-json\/wp\/v2\/types\/product"}],"version-history":[{"count":1,"href":"https:\/\/farmaon4.apptirana.al\/en\/wp-json\/wp\/v2\/product\/646776\/revisions"}],"predecessor-version":[{"id":646777,"href":"https:\/\/farmaon4.apptirana.al\/en\/wp-json\/wp\/v2\/product\/646776\/revisions\/646777"}],"wp:featuredmedia":[{"embeddable":true,"href":"https:\/\/farmaon4.apptirana.al\/en\/wp-json\/wp\/v2\/media\/646774"}],"wp:attachment":[{"href":"https:\/\/farmaon4.apptirana.al\/en\/wp-json\/wp\/v2\/media?parent=646776"}],"wp:term":[{"taxonomy":"product_brand","embeddable":true,"href":"https:\/\/farmaon4.apptirana.al\/en\/wp-json\/wp\/v2\/product_brand?post=646776"},{"taxonomy":"product_cat","embeddable":true,"href":"https:\/\/farmaon4.apptirana.al\/en\/wp-json\/wp\/v2\/product_cat?post=646776"},{"taxonomy":"product_tag","embeddable":true,"href":"https:\/\/farmaon4.apptirana.al\/en\/wp-json\/wp\/v2\/product_tag?post=646776"},{"taxonomy":"giftcard-category","embeddable":true,"href":"https:\/\/farmaon4.apptirana.al\/en\/wp-json\/wp\/v2\/giftcard-category?post=646776"}],"curies":[{"name":"wp","href":"https:\/\/api.w.org\/{rel}","templated":true}]}}